{"id":41,"date":"2023-08-31T17:19:11","date_gmt":"2023-08-31T17:19:11","guid":{"rendered":"https:\/\/crepes-du-monde.com\/?page_id=41"},"modified":"2025-05-01T00:57:57","modified_gmt":"2025-04-30T22:57:57","slug":"avis-legal","status":"publish","type":"page","link":"https:\/\/crepes-du-monde.com\/ca\/avis-legal\/","title":{"rendered":"Av\u00eds legal"},"content":{"rendered":"<div data-elementor-type=\"wp-page\" data-elementor-id=\"41\" class=\"elementor elementor-41\" data-elementor-post-type=\"page\">\n\t\t\t\t<div class=\"elementor-element elementor-element-1c16b08 e-flex e-con-boxed e-con e-parent\" data-id=\"1c16b08\" data-element_type=\"container\" data-e-type=\"container\">\n\t\t\t\t\t<div class=\"e-con-inner\">\n\t\t\t\t<div class=\"elementor-element elementor-element-6cb3423 elementor-widget elementor-widget-text-editor\" data-id=\"6cb3423\" data-element_type=\"widget\" data-e-type=\"widget\" data-widget_type=\"text-editor.default\">\n\t\t\t\t<div class=\"elementor-widget-container\">\n\t\t\t\t\t\t\t\t\t<p><strong>AV\u00cdS LEGAL I CONDICIONS GENERALS D'\u00daS<\/strong><\/p><p>httsp:\/\/crepes-du-monde.com\/<br \/>I. INFORMACI\u00d3 GENERAL<br \/>D'acord amb el deure d'informaci\u00f3 establert a la Llei 34\/2002, d'11 de juliol, de Serveis de la Societat de la Informaci\u00f3 i de Comer\u00e7 Electr\u00f2nic (LSSI-CE), a continuaci\u00f3 es facilita la informaci\u00f3 general seg\u00fcent sobre aquest lloc web:<\/p><p>La propietat d'aquest lloc web, httsp:\/\/crepes-du-monde.com\/, (d'ara endavant, Lloc web) \u00e9s de: RILOULI S.L., amb NIF: B16998544 i inscrita al: Registre Mercantil de Girona amb les seg\u00fcents dades registrals: Volum 3355, Llibre 0, Foli 21, P\u00e0gina 69156, el representant de la qual \u00e9s: Oliver Markus, i les dades de contacte de la qual s\u00f3n:<\/p><p>Adre\u00e7a: Avinguda s'Agaro 90, Unitat 10<\/p><p>N\u00famero de tel\u00e8fon de contacte: 972 97 30 41<\/p><p>Correu electr\u00f2nic de contacte: <a href=\"mailto:info@crepes-du-monde.com\">info@crepes-du-monde.com<\/a><\/p><p>II. TERMES I CONDICIONS GENERALS D'\u00daS<br \/>L'objecte dels termes i condicions: El lloc web<br \/>L'objecte d'aquests Termes i Condicions Generals d'\u00das (en endavant, Termes i Condicions) \u00e9s regular l'acc\u00e9s i l'\u00fas del Lloc web. A efectes d'aquests Termes, el Lloc web s'ent\u00e9n com: l'aparen\u00e7a externa de les interf\u00edcies de pantalla, tant est\u00e0tiques com din\u00e0miques, \u00e9s a dir, l'arbre de navegaci\u00f3; i tots els elements integrats tant a les interf\u00edcies de pantalla com a l'arbre de navegaci\u00f3 (d'ara endavant, Contingut), aix\u00ed com tots aquells serveis o recursos en l\u00ednia que es puguin oferir als Usuaris (d'ara endavant, Serveis).<\/p><p>El Restaurant es reserva el dret de modificar, en qualsevol moment i sense av\u00eds previ, la presentaci\u00f3 i la configuraci\u00f3 del lloc web i del contingut i dels serveis que s'hi puguin incloure. L'Usuari reconeix i accepta que, en qualsevol moment, el Restaurant pot interrompre, desactivar i\/o cancel\u00b7lar qualsevol d'aquests elements integrats al lloc web o l'acc\u00e9s a aquests.<\/p><p>L'acc\u00e9s al lloc web per part de l'Usuari \u00e9s gratu\u00eft i, com a regla general, sense cap cost, sense que l'Usuari hagi de prestar cap contraprestaci\u00f3 per gaudir-ne, excepte el cost de la connexi\u00f3 a trav\u00e9s de la xarxa de telecomunicacions proporcionada pel prove\u00efdor d'acc\u00e9s contractat per l'Usuari.<\/p><p>L'\u00fas de qualsevol dels Continguts o Serveis del lloc web pot estar subjecte a una subscripci\u00f3 o registre previ per part de l'Usuari.<\/p><p>L'usuari<br \/>L'acc\u00e9s, la navegaci\u00f3 i l'\u00fas del lloc web atorguen la condici\u00f3 d'Usuari, cosa que significa que, des del moment en qu\u00e8 comenceu a navegar pel lloc web, accepteu totes les condicions establertes en aquest document, aix\u00ed com qualsevol modificaci\u00f3 posterior, sense perjudici de l'aplicaci\u00f3 de la normativa legal obligat\u00f2ria corresponent, segons sigui d'aplicaci\u00f3. Atesa la import\u00e0ncia de l'anterior, es recomana als Usuaris que les llegeixin cada vegada que visitin el lloc web.<\/p><p>El lloc web del restaurant ofereix una \u00e0mplia gamma d'informaci\u00f3, serveis i dades. L'usuari assumeix la responsabilitat de l'\u00fas adequat del lloc web. Aquesta responsabilitat s'est\u00e9n a:<\/p><p>\u00das de la informaci\u00f3, el contingut i\/o els serveis i dades oferts pel Restaurant d'una manera que no sigui contr\u00e0ria a les disposicions d'aquests Termes i Condicions, la llei, la moral o l'ordre p\u00fablic, o que d'alguna altra manera pugui infringir els drets de tercers o el funcionament del propi Lloc web.<br \/>L'exactitud i la legalitat de la informaci\u00f3 facilitada per l'Usuari en els formularis emesos pel Restaurant per accedir a determinats Continguts o Serveis oferts pel Lloc web. En qualsevol cas, l'Usuari haur\u00e0 de notificar immediatament al Restaurant qualsevol esdeveniment que permeti el mal \u00fas de la informaci\u00f3 registrada en els esmentats formularis, com ara, per\u00f2 sense limitar-s'hi, robatori, p\u00e8rdua o acc\u00e9s no autoritzat a identificadors i\/o contrasenyes, a fi de procedir a la seva cancel\u00b7laci\u00f3 immediata.<br \/>El simple acc\u00e9s a aquest lloc web no implica cap mena de relaci\u00f3 comercial entre el restaurant i l'usuari.<\/p><p>L'Usuari declara que \u00e9s major d'edat i t\u00e9 capacitat jur\u00eddica suficient per quedar vinculat per aquests Termes i Condicions. Per tant, aquest lloc web del restaurant no est\u00e0 destinat a menors d'edat. El restaurant no accepta cap responsabilitat per l'incompliment d'aquest requisit.<\/p><p>El lloc web est\u00e0 principalment destinat a usuaris residents a . El restaurant no garanteix que el lloc web compleixi les lleis d'altres pa\u00efsos, ni totalment ni parcialment. Si l'Usuari resideix o t\u00e9 el domicili en un altre lloc i decideix accedir i\/o navegar pel Lloc web, ho fa sota la seva responsabilitat i ha de garantir que aquest acc\u00e9s i navegaci\u00f3 compleixin la legislaci\u00f3 local aplicable, sense que el Restaurant assumeixi cap responsabilitat que pugui derivar-se d'aquest acc\u00e9s.<\/p><p>III. ACC\u00c9S I NAVEGACI\u00d3 AL LLOC WEB: EXCLUSI\u00d3 DE GARANTIES I RESPONSABILITAT<br \/>El Restaurant no garanteix la continu\u00eftat, la disponibilitat ni la utilitat del Lloc web, del seu contingut o dels seus serveis. El Restaurant far\u00e0 tot el possible per garantir el funcionament correcte del Lloc web; tanmateix, no \u00e9s responsable ni garanteix que l'acc\u00e9s a aquest Lloc web sigui ininterromput o sense errors.<\/p><p>Tampoc no accepta la responsabilitat ni garanteix que el contingut o el programari al qual es pot accedir a trav\u00e9s d'aquest lloc web estigui lliure d'errors o que no causi danys al sistema inform\u00e0tic (programari i maquinari) de l'Usuari. En cap cas el Restaurant ser\u00e0 responsable de cap p\u00e8rdua o dany de cap mena que sorgeixi de l'acc\u00e9s, la navegaci\u00f3 o l'\u00fas del lloc web, incloent-hi, per\u00f2 sense limitar-s'hi, danys als sistemes inform\u00e0tics o danys causats per la introducci\u00f3 de virus.<\/p><p>El Restaurant tampoc no ser\u00e0 responsable de cap dany que puguin patir els usuaris a causa d'un \u00fas indegut d'aquest lloc web. En particular, no ser\u00e0 responsable de cap manera dels avaries, interrupcions, fallades o defectes en les telecomunicacions que puguin produir-se.<\/p><p>IV. POL\u00cdTICA D'ENLLA\u00c7OS<br \/>Tingueu en compte que el lloc web del restaurant posa o pot posar a disposici\u00f3 dels usuaris enlla\u00e7os (com ara, entre d'altres, enlla\u00e7os, b\u00e0ners, botons), directoris i motors de cerca que permeten als usuaris accedir a llocs web propietat de tercers i\/o gestionats per aquests.<\/p><p>La instal\u00b7laci\u00f3 d'aquests enlla\u00e7os, directoris i motors de cerca al lloc web t\u00e9 per finalitat facilitar als Usuaris la cerca i l'acc\u00e9s a la informaci\u00f3 disponible a Internet, sense que aix\u00f2 es consideri una sugger\u00e8ncia, recomanaci\u00f3 o invitaci\u00f3 a visitar-los.<\/p><p>El Restaurant no ofereix ni comercialitza, ni per si mateix ni a trav\u00e9s de tercers, els productes i\/o serveis disponibles en aquests llocs enlla\u00e7ats.<\/p><p>De la mateixa manera, no garantir\u00e0 la disponibilitat t\u00e8cnica, l'exactitud, la veracitat, la validesa o la legalitat de llocs externs a la seva propietat als quals es pugui accedir mitjan\u00e7ant enlla\u00e7os.<\/p><p>El Restaurant no revisar\u00e0 ni controlar\u00e0 en cap cas el contingut d'altres llocs web, ni aprova, examina o avalua els productes i serveis, el contingut, els fitxers i qualsevol altre material existent en els esmentats llocs enlla\u00e7ats.<\/p><p>El Restaurant no es fa responsable de cap dany que pugui derivar-se de l'acc\u00e9s, l'\u00fas, la qualitat o la legalitat del contingut, les comunicacions, les opinions, els productes i els serveis de llocs web no gestionats pel Restaurant i que estan enlla\u00e7ats a aquest lloc web.<\/p><p>Qualsevol usuari o tercer que cre\u00ef un hiperv\u00edncle des d'una p\u00e0gina web d'un altre lloc web diferent al lloc web del Restaurant ha de ser conscient que:<\/p><p>La reproducci\u00f3, total o parcial, de qualsevol dels continguts i\/o serveis del lloc web no est\u00e0 permesa sense l'autoritzaci\u00f3 expressa del Restaurant.<\/p><p>No es permeten declaracions falses, inexactes o incorrectes sobre el lloc web del restaurant o el seu contingut i\/o serveis.<\/p><p>Amb l'excepci\u00f3 de l'hiperv\u00edncul, el lloc web en qu\u00e8 s'estableixi aquest hiperv\u00edncul no haur\u00e0 de contenir cap element d'aquest lloc web protegit com a propietat intel\u00b7lectual per la legislaci\u00f3 espanyola, llevat que el Restaurant ho autoritzi expressament.<\/p><p>L'establiment de l'enlla\u00e7 no implica l'exist\u00e8ncia d'una relaci\u00f3 entre el Restaurant i el propietari del lloc web des del qual s'estableix, ni el coneixement i l'acceptaci\u00f3 per part del Restaurant del contingut, els serveis i\/o les activitats que s'ofereixen en aquest lloc web, i viceversa.<\/p><p>V. PROPIETAT INTEL\u00b7LECTUAL I INDUSTRIAL<br \/>El Restaurant, ja sigui en nom propi o com a cessionari, \u00e9s el titular de tots els drets de propietat intel\u00b7lectual i industrial del Lloc web, aix\u00ed com dels elements que cont\u00e9 (incloent-hi, entre d'altres, imatges, so, \u00e0udio, v\u00eddeo, programari o textos, marques o logotips, combinacions de colors, estructura i disseny, selecci\u00f3 de materials usats, programes inform\u00e0tics necessaris per al seu funcionament, acc\u00e9s i \u00fas, etc.). Per tant, seran obres protegides com a propietat intel\u00b7lectual pel sistema jur\u00eddic espanyol, sent-hi aplicables tant la normativa espanyola com la de la UE en aquesta mat\u00e8ria, aix\u00ed com els tractats internacionals relatius a la mat\u00e8ria i signats per Espanya.<\/p><p>Tots els drets reservats. D'acord amb les disposicions de la Llei de Propietat Intel\u00b7lectual, la reproducci\u00f3, distribuci\u00f3 i comunicaci\u00f3 p\u00fablica, inclosa la posada a disposici\u00f3, de la totalitat o part dels continguts d'aquest lloc web amb finalitats comercials, en qualsevol mitj\u00e0 i per qualsevol mitj\u00e0 t\u00e8cnic, sense l'autoritzaci\u00f3 del Restaurant, est\u00e0 expressament prohibida.<\/p><p>L'Usuari es compromet a respectar els drets de propietat intel\u00b7lectual i industrial del Restaurant. L'Usuari pot visualitzar els elements del lloc web o fins i tot imprimir-los, copiar-los i emmagatzemar-los al disc dur del seu ordinador o a qualsevol altre mitj\u00e0 f\u00edsic, sempre que sigui exclusivament per al seu \u00fas personal. No obstant aix\u00f2, l'Usuari no pot suprimir, alterar o manipular cap dispositiu de protecci\u00f3 o sistema de seguretat instal\u00b7lat al Lloc web.<\/p><p>En cas que l'Usuari o un tercer consideri que qualsevol dels continguts del lloc web constitueix una violaci\u00f3 dels drets de propietat intel\u00b7lectual, haur\u00e0 de notificar immediatament al Restaurant mitjan\u00e7ant els detalls de contacte de la secci\u00f3 INFORMACI\u00d3 GENERAL d'aquest Av\u00eds Legal i Condicions Generals d'\u00das.<\/p><p>VI. ACCI\u00d3 LEGAL, LLEI APLICABLE I JURISDICCI\u00d3<br \/>El Restaurant es reserva el dret d'exercir les accions civils o penals que consideri necess\u00e0ries per l'\u00fas indegut del lloc web i del contingut, o per l'incompliment d'aquests Termes i Condicions.<\/p><p>La relaci\u00f3 entre l'Usuari i el Restaurant estar\u00e0 subjecta a la normativa vigent i aplicable a Espanya. En cas que sorgeixi qualsevol conflicte relacionat amb la interpretaci\u00f3 i\/o aplicaci\u00f3 d'aquestes Condicions, les parts sotmetran les seves disputes als tribunals ordinaris, sotmetent-se als jutges i tribunals que corresponguin d'acord amb la llei.<\/p>\t\t\t\t\t\t\t\t<\/div>\n\t\t\t\t<\/div>\n\t\t\t\t\t<\/div>\n\t\t\t\t<\/div>\n\t\t\t\t<\/div>","protected":false},"excerpt":{"rendered":"<p>AVISO LEGAL Y CONDICIONES GENERALES DE USO httsp:\/\/crepes-du-monde.com\/I. INFORMACI\u00d3N GENERALEn cumplimiento con el deber de informaci\u00f3n dispuesto en la Ley 34\/2002 de Servicios de la Sociedad de la Informaci\u00f3n y el Comercio Electr\u00f3nico (LSSI-CE) de 11 de julio, se facilitan a continuaci\u00f3n los siguientes datos de informaci\u00f3n general de este sitio web: La titularidad de [&hellip;]<\/p>\n","protected":false},"author":2,"featured_media":0,"parent":0,"menu_order":7,"comment_status":"closed","ping_status":"closed","template":"","meta":{"slim_seo":{"noindex":"1","title":"Aviso Legal - Cr\u00eapes Du Monde - Restaurant","description":"AV\u00cdS LEGAL I TERMES I CONDICIONS GENERALS D'\u00daS httsp:\/\/crepes-du-monde.com\/ I. INFORMACI\u00d3 GENERAL En compliment del deure d'informaci\u00f3 establert a la Llei 3"},"footnotes":""},"class_list":["post-41","page","type-page","status-publish","hentry"],"_links":{"self":[{"href":"https:\/\/crepes-du-monde.com\/ca\/wp-json\/wp\/v2\/pages\/41","targetHints":{"allow":["GET"]}}],"collection":[{"href":"https:\/\/crepes-du-monde.com\/ca\/wp-json\/wp\/v2\/pages"}],"about":[{"href":"https:\/\/crepes-du-monde.com\/ca\/wp-json\/wp\/v2\/types\/page"}],"author":[{"embeddable":true,"href":"https:\/\/crepes-du-monde.com\/ca\/wp-json\/wp\/v2\/users\/2"}],"replies":[{"embeddable":true,"href":"https:\/\/crepes-du-monde.com\/ca\/wp-json\/wp\/v2\/comments?post=41"}],"version-history":[{"count":0,"href":"https:\/\/crepes-du-monde.com\/ca\/wp-json\/wp\/v2\/pages\/41\/revisions"}],"wp:attachment":[{"href":"https:\/\/crepes-du-monde.com\/ca\/wp-json\/wp\/v2\/media?parent=41"}],"curies":[{"name":"wp","href":"https:\/\/api.w.org\/{rel}","templated":true}]}}