{"id":43,"date":"2023-08-31T17:19:24","date_gmt":"2023-08-31T17:19:24","guid":{"rendered":"https:\/\/crepes-du-monde.com\/?page_id=43"},"modified":"2025-05-01T00:58:15","modified_gmt":"2025-04-30T22:58:15","slug":"politica-de-galetes","status":"publish","type":"page","link":"https:\/\/crepes-du-monde.com\/ca\/politica-de-galetes\/","title":{"rendered":"Pol\u00edtica de galetes"},"content":{"rendered":"<div data-elementor-type=\"wp-page\" data-elementor-id=\"43\" class=\"elementor elementor-43\" data-elementor-post-type=\"page\">\n\t\t\t\t<div class=\"elementor-element elementor-element-79736ea e-flex e-con-boxed e-con e-parent\" data-id=\"79736ea\" data-element_type=\"container\" data-e-type=\"container\">\n\t\t\t\t\t<div class=\"e-con-inner\">\n\t\t\t\t<div class=\"elementor-element elementor-element-d628960 elementor-widget elementor-widget-text-editor\" data-id=\"d628960\" data-element_type=\"widget\" data-e-type=\"widget\" data-widget_type=\"text-editor.default\">\n\t\t\t\t<div class=\"elementor-widget-container\">\n\t\t\t\t\t\t\t\t\t<h2><strong>Pol\u00edtica de galetes<\/strong><\/h2>\n\n<h4>https:\/\/crepes-du-monde.com<\/h4>\n\n<p>L'acc\u00e9s a aquest lloc web pot implicar l'\u00fas de galetes. Les galetes s\u00f3n petites quantitats d'informaci\u00f3 que s'emmagatzemen al navegador que utilitza cada usuari \u2014en els diferents dispositius que puguin fer servir per navegar\u2014 perqu\u00e8 el servidor recordi certa informaci\u00f3 que m\u00e9s endavant nom\u00e9s podr\u00e0 llegir el servidor que les hagi implementat. Les galetes faciliten la navegaci\u00f3, la fan m\u00e9s amigable per a l'usuari i no danyen el dispositiu de navegaci\u00f3.<\/p>\n\n<p>Les galetes s\u00f3n procediments autom\u00e0tics per recollir informaci\u00f3 relativa a les prefer\u00e8ncies determinades per l'Usuari durant la seva visita al lloc web, amb la finalitat de recon\u00e8ixer-lo com a Usuari i personalitzar la seva experi\u00e8ncia i \u00fas del lloc web. Tamb\u00e9 poden, per exemple, ajudar a identificar i resoldre errors.<\/p>\n\n<p>La informaci\u00f3 recollida mitjan\u00e7ant les galetes pot incloure la data i l'hora de les visites al lloc web, les p\u00e0gines visualitzades, el temps passat al lloc web i els llocs visitats just abans i despr\u00e9s. No obstant aix\u00f2, cap galeta permet contactar amb el n\u00famero de tel\u00e8fon de l'usuari ni amb cap altre mitj\u00e0 de contacte personal. Cap galeta pot extreure informaci\u00f3 del disc dur de l'usuari ni robar informaci\u00f3 personal. L'\u00fanica manera que la informaci\u00f3 privada de l'Usuari formi part del fitxer de galetes \u00e9s que l'Usuari proporcioni personalment aquesta informaci\u00f3 al servidor.<\/p>\n\n<p>Les galetes que permeten la identificaci\u00f3 d'una persona es consideren dades personals. Per tant, s'hi aplicar\u00e0 la Pol\u00edtica de privacitat descrita anteriorment. En aquest sentit, ser\u00e0 necessari el consentiment de l'Usuari per al seu \u00fas. Aquest consentiment s'haur\u00e0 de comunicar, basat en una elecci\u00f3 genu\u00efna, ofert mitjan\u00e7ant una decisi\u00f3 afirmativa i positiva, abans del tractament inicial, revocable i documentat.<\/p>\n\n<h4>Cookies de primera part<\/h4>\n\n<p>S\u00f3n galetes que s'envien a l'ordinador o dispositiu de l'Usuari i que s\u00f3n gestionades exclusivament pel Restaurant per al millor funcionament del Lloc web. La informaci\u00f3 recollida s'utilitza per millorar la qualitat del Lloc web i del seu contingut i la teva experi\u00e8ncia com a Usuari. Aquestes galetes ens permeten recon\u00e8ixer-te com a visitant recurrent del Lloc web i adaptar el contingut per oferir-te continguts que s'ajustin a les teves prefer\u00e8ncies.<\/p>\n\n<h4>Desactiva, rebutja i elimina les galetes<\/h4>\n\n<p>L'Usuari pot desactivar, rebutjar i eliminar les galetes \u2014totalment o parcialment\u2014 instal\u00b7lades al seu dispositiu configurant el seu navegador (incloent-hi, per exemple, Chrome, Firefox, Safari, Explorer). En aquest sentit, els procediments per rebutjar i eliminar les galetes poden variar d'un navegador d'Internet a un altre. Per tant, l'Usuari ha de consultar les instruccions proporcionades pel navegador d'Internet que utilitza. Si rebutgeu l'\u00fas de les galetes, totalment o parcialment, podeu continuar utilitzant el lloc web, tot i que l'\u00fas d'algunes de les seves funcions pot estar limitat.<\/p>\n\t\t\t\t\t\t\t\t<\/div>\n\t\t\t\t<\/div>\n\t\t\t\t\t<\/div>\n\t\t\t\t<\/div>\n\t\t\t\t<\/div>","protected":false},"excerpt":{"rendered":"<p>POL&Iacute;TICA DE COOKIES https:\/\/crepes-du-monde.com El acceso a este Sitio Web puede implicar la utilizaci&oacute;n de cookies. Las cookies son peque&ntilde;as cantidades de informaci&oacute;n que se almacenan en el navegador utilizado por cada Usuario &mdash;en los distintos dispositivos que pueda utilizar para navegar&mdash; para que el servidor recuerde cierta informaci&oacute;n que posteriormente y &uacute;nicamente el servidor [&hellip;]<\/p>\n","protected":false},"author":2,"featured_media":0,"parent":0,"menu_order":9,"comment_status":"closed","ping_status":"closed","template":"","meta":{"slim_seo":{"noindex":"1","title":"Pol\u00edtica de Cookies - Cr\u00eapes Du Monde - Restaurant","description":"Pol\u00edtica de galetes de https:\/\/crepes-du-monde.com   L'acc\u00e9s a aquest lloc web pot implicar l'\u00fas de galetes. Les galetes s\u00f3n petites"},"footnotes":""},"class_list":["post-43","page","type-page","status-publish","hentry"],"_links":{"self":[{"href":"https:\/\/crepes-du-monde.com\/ca\/wp-json\/wp\/v2\/pages\/43","targetHints":{"allow":["GET"]}}],"collection":[{"href":"https:\/\/crepes-du-monde.com\/ca\/wp-json\/wp\/v2\/pages"}],"about":[{"href":"https:\/\/crepes-du-monde.com\/ca\/wp-json\/wp\/v2\/types\/page"}],"author":[{"embeddable":true,"href":"https:\/\/crepes-du-monde.com\/ca\/wp-json\/wp\/v2\/users\/2"}],"replies":[{"embeddable":true,"href":"https:\/\/crepes-du-monde.com\/ca\/wp-json\/wp\/v2\/comments?post=43"}],"version-history":[{"count":0,"href":"https:\/\/crepes-du-monde.com\/ca\/wp-json\/wp\/v2\/pages\/43\/revisions"}],"wp:attachment":[{"href":"https:\/\/crepes-du-monde.com\/ca\/wp-json\/wp\/v2\/media?parent=43"}],"curies":[{"name":"wp","href":"https:\/\/api.w.org\/{rel}","templated":true}]}}