{"id":45,"date":"2023-08-31T17:19:35","date_gmt":"2023-08-31T17:19:35","guid":{"rendered":"https:\/\/crepes-du-monde.com\/?page_id=45"},"modified":"2025-05-01T00:57:14","modified_gmt":"2025-04-30T22:57:14","slug":"politica-de-privacitat","status":"publish","type":"page","link":"https:\/\/crepes-du-monde.com\/ca\/politica-de-privacitat\/","title":{"rendered":"Pol\u00edtica de privacitat"},"content":{"rendered":"<div data-elementor-type=\"wp-page\" data-elementor-id=\"45\" class=\"elementor elementor-45\" data-elementor-post-type=\"page\">\n\t\t\t\t<div class=\"elementor-element elementor-element-31099b7 e-flex e-con-boxed e-con e-parent\" data-id=\"31099b7\" data-element_type=\"container\" data-e-type=\"container\">\n\t\t\t\t\t<div class=\"e-con-inner\">\n\t\t\t\t<div class=\"elementor-element elementor-element-36db274 elementor-widget elementor-widget-text-editor\" data-id=\"36db274\" data-element_type=\"widget\" data-e-type=\"widget\" data-widget_type=\"text-editor.default\">\n\t\t\t\t<div class=\"elementor-widget-container\">\n\t\t\t\t\t\t\t\t\t<h2>POL\u00cdTICA DE PRIVACITAT DEL LLOC WEB<\/h2><h4>https:\/\/crepes-du-monde.com\/<\/h4><h3>I. POL\u00cdTICA DE PRIVACITAT I PROTECCI\u00d3 DE DADES<\/h3><p>D'acord amb la legislaci\u00f3 vigent, el Restaurant (en endavant tamb\u00e9 anomenat Lloc web) es compromet a adoptar les mesures t\u00e8cniques i organitzatives necess\u00e0ries, segons el nivell de seguretat adequat al risc de les dades recollides.<\/p><h4>Lleis incorporades a aquesta pol\u00edtica de privacitat<\/h4><p>Aquesta pol\u00edtica de privacitat compleix la normativa espanyola i europea vigent en mat\u00e8ria de protecci\u00f3 de dades personals a Internet. Concretament, compleix les seg\u00fcents normatives:<\/p><ul><li>Reglament (UE) 2016\/679 del Parlament Europeu i del Consell, de 27 d'abril de 2016, relatiu a la protecci\u00f3 de les persones f\u00edsiques pel que fa al tractament de dades personals i a la lliure circulaci\u00f3 d'aquestes dades (RGPD).<\/li><li>Llei Org\u00e0nica 3\/2018, de 5 de desembre, de Protecci\u00f3 de Dades Personals i Garantia dels Drets Digitals (LOPD-GDD).<\/li><li>Reial Decret 1720\/2007, de 21 de desembre, pel qual s'aprova el Reglament de desenvolupament de la Llei Org\u00e0nica 15\/1999, de 13 de desembre, de protecci\u00f3 de dades de car\u00e0cter personal (RDLOPD).<\/li><li>Llei 34\/2002, de 11 de juliol, de Serveis de la Societat de la Informaci\u00f3 i de Comer\u00e7 Electr\u00f2nic (LSSI-CE).<\/li><\/ul><h4>Identitat del responsable del tractament<\/h4><p>L'entitat responsable del tractament de les dades personals recollides al Restaurant \u00e9s: RILOULI S.L., amb N\u00famero d'Identificaci\u00f3 Fiscal (NIF\/CIF): B16998544 i registrada a: Girona Mercantil amb les seg\u00fcents dades registrals:\u00a0Volum 3355, Llibre 0, Foli 21, P\u00e0gina 69156, el seu representant \u00e9s: Oliver Markus (d'ara endavant, Responsable del Tractament). Les seves dades de contacte s\u00f3n les seg\u00fcents:<\/p><p>Adre\u00e7a: Avinguda s'Agaro 90, Unitat 10<\/p><p>N\u00famero de tel\u00e8fon de contacte: 972 97 30 41<\/p><p>Correu electr\u00f2nic de contacte:\u00a0<a href=\"mailto:info@crepes-du-monde.com\">info@crepes-du-monde.com<\/a><\/p><h4>Registre de dades personals<\/h4><p>D'acord amb les disposicions del RGPD i de la LOPD-GDD, li informem que les dades personals recollides pel Restaurant a trav\u00e9s dels formularis de les seves p\u00e0gines s'incorporaran i es tractaran al nostre fitxer amb la finalitat de facilitar, agilitzar i complir els compromisos establerts entre el Restaurant i l'Usuari, o de mantenir la relaci\u00f3 establerta en els formularis que l'Usuari ompli, o per respondre a una sol\u00b7licitud o consulta de l'Usuari. De la mateixa manera, d'acord amb les disposicions del RGPD i de la LOPD-GDD, tret que s'apliqui l'excepci\u00f3 prevista a l'article 30.5 del RGPD, es mant\u00e9 un registre d'activitats de tractament que especifica, segons els seus fins, les activitats de tractament realitzades i les altres circumst\u00e0ncies establertes al RGPD.<\/p><h4>Principis aplicables al tractament de dades personals<\/h4><p>El tractament de les dades personals de l'Usuari estar\u00e0 subjecte als principis seg\u00fcents establerts a l'article 5 del RGPD i a l'article 4 i seg\u00fcents de la Llei Org\u00e0nica 3\/2018, de 5 de desembre, de Protecci\u00f3 de Dades Personals i garantia dels drets digitals:<\/p><ul><li>Principi de licitud, equitat i transpar\u00e8ncia: es requerir\u00e0 el consentiment de l'Usuari en tot moment, proporcionant informaci\u00f3 totalment transparent sobre les finalitats per a les quals es recullen les dades personals.<\/li><li>Principi de limitaci\u00f3 de la finalitat: les dades personals s'han de recollir per a finalitats espec\u00edfiques, expl\u00edcites i leg\u00edtimes.<\/li><li>Principi de minimitzaci\u00f3 de dades: les dades personals recollides seran nom\u00e9s les estrictament necess\u00e0ries en relaci\u00f3 amb les finalitats per a les quals es tracten.<\/li><li>Principi d'exactitud: les dades personals han de ser exactes i estar actualitzades.<\/li><li>Principi de limitaci\u00f3 del termini de conservaci\u00f3: les dades personals nom\u00e9s es conservaran en una forma que permeti la identificaci\u00f3 de l'Usuari durant el temps necessari per a les finalitats del seu tractament.<\/li><li>Principi d'integritat i confidencialitat: les dades personals s'han de tractar de manera que se'n garanteixi la seguretat i la confidencialitat.<\/li><li>Principi de responsabilitat proactiva: el responsable del tractament de dades ser\u00e0 responsable de garantir que els principis anteriors es compleixin.<\/li><\/ul><h4>Categories de dades personals<\/h4><p>Les categories de dades que processa el Restaurant s\u00f3n exclusivament dades d'identificaci\u00f3. En cap cas es processen categories especials de dades personals en el sentit de l'article 9 del RGPD.<\/p><h4>Base jur\u00eddica per al tractament de dades personals<\/h4><p>La base jur\u00eddica del tractament de dades personals \u00e9s el consentiment. El Restaurant es compromet a obtenir el consentiment expr\u00e9s i verificable de l'Usuari per al tractament de les seves dades personals per a un o m\u00e9s finalitats espec\u00edfiques.<\/p><p>L'Usuari tindr\u00e0 dret a retirar el seu consentiment en qualsevol moment. Retirar el consentiment ser\u00e0 tan f\u00e0cil com donar-lo. Com a regla general, retirar el consentiment no condicionar\u00e0 l'\u00fas del lloc web.<\/p><p>En ocasions en qu\u00e8 l'Usuari hagi de proporcionar les seves dades mitjan\u00e7ant formularis per fer consultes, sol\u00b7licitar informaci\u00f3 o per motius relacionats amb el contingut del lloc web, se l'informar\u00e0 si l'emplenament de qualsevol d'aquests formularis \u00e9s obligatori perqu\u00e8 s\u00f3n essencials per al correcte desenvolupament de l'operaci\u00f3 realitzada.<\/p><h4>Finalitats del tractament per a les quals es destinen les dades personals<\/h4><p>Les dades personals es recullen i gestionen pel Restaurant amb la finalitat de facilitar, agilitzar i complir els compromisos establerts entre el Lloc web i l'Usuari, o de mantenir la relaci\u00f3 establerta en els formularis emplenats per l'Usuari, o de respondre a una sol\u00b7licitud o consulta.<\/p><p>De la mateixa manera, les dades es poden utilitzar amb finalitats comercials de personalitzaci\u00f3, operacions i estad\u00edstiques, i activitats relacionades amb l'objecte social del Restaurant, aix\u00ed com per a l'extracci\u00f3, l'emmagatzematge i els estudis de m\u00e0rqueting de dades per adaptar el contingut ofert a l'usuari i per millorar la qualitat, el funcionament i la navegaci\u00f3 del lloc web.<\/p><p>En el moment en qu\u00e8 s'obtenen les dades personals, s'informar\u00e0 l'Usuari del prop\u00f2sit o prop\u00f2sits espec\u00edfics per als quals es tractaran les dades personals; \u00e9s a dir, de l'\u00fas o usos que es faran de la informaci\u00f3 recollida.<\/p><h4>Periodes de conservaci\u00f3 de dades personals<\/h4><p>Les dades personals es conservaran nom\u00e9s durant el temps m\u00ednim necessari per a les finalitats del seu tractament i, en tot cas, nom\u00e9s durant el per\u00edode seg\u00fcent: 12 mesos, o fins que l'Usuari sol\u00b7liciti la seva supressi\u00f3.<\/p><p>En el moment en qu\u00e8 s'obtenen les dades personals, l'Usuari ser\u00e0 informat del per\u00edode durant el qual es conservaran les dades personals o, quan aix\u00f2 no sigui possible, dels criteris utilitzats per determinar aquest per\u00edode.<\/p><h4>Destinataris de dades personals<\/h4><p>Les dades personals de l'usuari no es compartiran amb tercers.<\/p><p>En qualsevol cas, en el moment en qu\u00e8 s'obtenen les dades personals, l'Usuari ser\u00e0 informat sobre els destinataris o categories de destinataris de les dades personals.<\/p><h4>Dades personals de menors<\/h4><p>D'acord amb les disposicions de l'article 8 del RGPD i l'article 7 de la Llei Org\u00e0nica 3\/2018, de 5 de desembre, de Protecci\u00f3 de Dades Personals i Garantia dels Drets Digitals, nom\u00e9s les persones majors de 14 anys poden donar el seu consentiment per al tractament l\u00edcit de les seves dades personals per part del Restaurant. En el cas de menors de 14 anys, es requerir\u00e0 el consentiment dels seus pares o tutors per al tractament, i aquest nom\u00e9s es considerar\u00e0 l\u00edcit en la mesura que els hagin autoritzat.<\/p><h4>Confidencialitat i seguretat de les dades personals<\/h4><p>El restaurant es compromet a adoptar les mesures t\u00e8cniques i organitzatives necess\u00e0ries, d'acord amb el nivell de seguretat adequat al risc de les dades recollides, per garantir la seguretat de les dades personals i prevenir la destrucci\u00f3, p\u00e8rdua o alteraci\u00f3 accidental o il\u00b7l\u00edcita de les dades personals transmeses, emmagatzemades o tractades de qualsevol altra manera, o la comunicaci\u00f3 o acc\u00e9s no autoritzat a aquestes dades.<\/p><p>El lloc web disposa d'un certificat SSL (Secure Socket Layer), que garanteix que les dades personals es transmetin de manera segura i confidencial, ja que la transmissi\u00f3 de dades entre el servidor i l'usuari, i en la retroalimentaci\u00f3, est\u00e0 totalment xifrada.<\/p><p>Tanmateix, com que el Restaurant no pot garantir la impenetrabilitat d'internet ni l'abs\u00e8ncia total de pirates inform\u00e0tics o altres persones que accedeixin fraudulentament a les dades personals, el Responsable del Tractament es compromet a notificar l'Usuari sense dilaci\u00f3 indeguda quan es produeixi una violaci\u00f3 de la seguretat de les dades personals que sigui probable que suposi un alt risc per als drets i les llibertats de les persones f\u00edsiques. D'acord amb l'article 4 del RGPD, una violaci\u00f3 de seguretat de les dades personals s'ent\u00e9n com qualsevol violaci\u00f3 de seguretat que provoqui la destrucci\u00f3, p\u00e8rdua o alteraci\u00f3 accidental o il\u00b7l\u00edcita de les dades personals transmeses, emmagatzemades o processades d'una altra manera, o la divulgaci\u00f3 no autoritzada de les dades o l'acc\u00e9s no autoritzat a aquestes.<\/p><p>Les dades personals seran tractades com a confidencials pel Responsable del Tractament, que es compromet a informar i garantir, mitjan\u00e7ant una obligaci\u00f3 legal o contractual, que aquesta confidencialitat sigui respectada pels seus empleats, associats i qualsevol persona a qui es faci accessible la informaci\u00f3.<\/p><h4>Drets derivats del tractament de dades personals<\/h4><p>L'Usuari t\u00e9 els seg\u00fcents drets sobre el Restaurant i, per tant, pot exercir els seg\u00fcents drets reconeguts pel RGPD i la Llei Org\u00e0nica 3\/2018, de 5 de desembre, de Protecci\u00f3 de Dades Personals i garantia dels drets digitals, davant del Responsable del Tractament:<\/p><ul><li><em>Dret d'acc\u00e9s:<\/em>\u00a0Els usuaris tenen dret a obtenir la confirmaci\u00f3 de si el Restaurant est\u00e0 tractant les seves dades personals o no i, si \u00e9s aix\u00ed, a obtenir informaci\u00f3 sobre les seves dades personals espec\u00edfiques i el tractament que el Restaurant ha dut a terme o est\u00e0 duent a terme, aix\u00ed com, entre altres coses, la informaci\u00f3 disponible sobre l'origen d'aquestes dades i els destinataris de les comunicacions realitzades o previstes.<\/li><li><em>Dret de rectificaci\u00f3:<\/em>\u00a0L'Usuari t\u00e9 dret a la modificaci\u00f3 de les seves dades personals si s\u00f3n inexactes o, tenint en compte els fins del tractament, incompletes.<\/li><li><em>Dret a l'oblit (\u00abel dret a ser oblidat\u00bb):<\/em>\u00a0\u00c9s dret de l'Usuari, sempre que la legislaci\u00f3 vigent no estableixi el contrari, obtenir la supressi\u00f3 de les seves dades personals quan ja no siguin necess\u00e0ries per a les finalitats per a les quals es van recollir o tractar; l'Usuari hagi retirat el seu consentiment per al tractament i no hi hagi cap altra base jur\u00eddica per al mateix; l'Usuari s'oposi al tractament i no hi hagi cap altra ra\u00f3 leg\u00edtima per continuar-hi; les dades personals s'hagin tractat de manera il\u00b7l\u00edcita; els dades personals s'han d'esborrar en compliment d'una obligaci\u00f3 legal; o les dades personals s'han obtingut com a resultat d'una oferta directa de serveis de la societat de la informaci\u00f3 a un menor de 14 anys. A m\u00e9s de suprimir les dades, el responsable del tractament, tenint en compte la tecnologia disponible i el cost de la seva aplicaci\u00f3, haur\u00e0 de prendre mesures raonables per informar els encarregats del tractament de la sol\u00b7licitud de l'interessat de suprimir qualsevol enlla\u00e7 a aquestes dades personals.<\/li><li><em>Dret a la limitaci\u00f3 del tractament:<\/em>\u00a0\u00c9s dret de l'Usuari restringir el tractament de les seves dades personals. L'Usuari t\u00e9 dret a obtenir la restricci\u00f3 del tractament quan impugni l'exactitud de les seves dades personals; quan el tractament sigui il\u00b7l\u00edcit; quan el Responsable ja no necessiti les dades personals, per\u00f2 l'Usuari les necessiti per a exercir reclamacions; i quan l'Usuari s'hagi oposat al tractament.<\/li><li><em>Dret a la portabilitat de les dades:<\/em>\u00a0Quan el tractament es realitza mitjan\u00e7ant mitjans automatitzats, l'Usuari tindr\u00e0 dret a rebre les seves dades personals del Responsable del Tractament en un format estructurat, d'\u00fas com\u00fa i llegible per m\u00e0quina, i a transmetre aquestes dades a un altre responsable del tractament. Quan sigui t\u00e8cnicament factible, el Responsable del Tractament transmetr\u00e0 les dades directament a aquest altre responsable.<\/li><li><em>Dret a objectar:<\/em>\u00a0\u00c9s dret de l'Usuari sol\u00b7licitar que no es tractin les seves dades personals o que el Restaurant cessi el seu tractament.<\/li><li><em>Dret a no estar sotm\u00e8s a una decisi\u00f3 basada \u00fanicament en el tractament automatitzat, incl\u00f2s el perfilatge:<\/em>\u00a0\u00c9s dret de l'Usuari no ser sotm\u00e8s a una decisi\u00f3 individualitzada basada \u00fanicament en el tractament automatitzat de les seves dades personals, incl\u00f2s el perfilatge, llevat que la legislaci\u00f3 vigent prevegi una altra cosa.<\/li><\/ul><p>Per tant, l'Usuari pot exercir els seus drets mitjan\u00e7ant escrit adre\u00e7at al Responsable del Tractament amb la refer\u00e8ncia \u00abRGPD - https:\/\/crepes-du-monde.com\/\u00bb, especificant:<\/p><ul><li>Nom i cognoms de l'usuari i c\u00f2pia del seu document nacional d'identitat. En els casos en qu\u00e8 es permeti la representaci\u00f3, tamb\u00e9 ser\u00e0 necessari identificar per mitjans equivalents la persona que representi l'usuari, aix\u00ed com aportar el document que acrediti la representaci\u00f3. La fotoc\u00f2pia del document nacional d'identitat pot ser substitu\u00efda per qualsevol altre mitj\u00e0 legalment v\u00e0lid per provar la identitat.<\/li><li>Sol\u00b7licitud amb els motius espec\u00edfics de la sol\u00b7licitud o de la informaci\u00f3 a la qual s'ha d'accedir.<\/li><li>Adre\u00e7a a efectes de notificaci\u00f3.<\/li><li>Data i signatura del sol\u00b7licitant.<\/li><li>Qualsevol document que doni suport a la sol\u00b7licitud que esteu fent.<\/li><\/ul><p>Aquesta sol\u00b7licitud i qualsevol altre document adjunt es poden enviar a la seg\u00fcent adre\u00e7a i\/o adre\u00e7a de correu electr\u00f2nic:<\/p><p>Adre\u00e7a postal: Avinguda s'Agaro 90, Local 10<\/p><p>Correu electr\u00f2nic: info@crepes-du-monde.com<\/p><h4>Enlla\u00e7os a llocs web de tercers<\/h4><p>El lloc web pot incloure hiperenlla\u00e7os o enlla\u00e7os que permetin accedir a llocs web de tercers diferents del Restaurant, i que, per tant, no s\u00f3n operats pel Restaurant. Els propietaris d'aquests llocs web tindran les seves pr\u00f2pies pol\u00edtiques de protecci\u00f3 de dades i seran responsables, en cada cas, dels seus propis fitxers i de les seves pr\u00f2pies pr\u00e0ctiques de privacitat.<\/p><h4>Queixes davant l'autoritat de supervisi\u00f3<\/h4><p>Si l'Usuari considera que hi ha un problema o una infracci\u00f3 de la normativa vigent en la manera com es tracten les seves dades personals, tindr\u00e0 dret a una protecci\u00f3 judicial efectiva i a presentar una reclamaci\u00f3 davant una autoritat de control, en particular a l'Estat on tingui la seva resid\u00e8ncia habitual, el seu lloc de treball o el lloc de la presumpta infracci\u00f3. En el cas d'Espanya, l'autoritat de control \u00e9s l'Ag\u00e8ncia Espanyola de Protecci\u00f3 de Dades (https:\/\/www.aepd.es\/).<\/p><h3>II. ACCEPTACI\u00d3 I MODIFICACIONS D'AQUESTA POL\u00cdTICA DE PRIVACITAT<\/h3><p>Els usuaris han de llegir i acceptar les condicions relatives a la protecci\u00f3 de les dades personals contingudes en aquesta Pol\u00edtica de privacitat, i han d'acceptar el tractament de les seves dades personals perqu\u00e8 el Responsable del tractament pugui procedir a dit tractament de la manera, durant els per\u00edodes i per a les finalitats indicades. L'\u00fas del lloc web implica l'acceptaci\u00f3 de la seva Pol\u00edtica de privacitat.<\/p><p>El Restaurant es reserva el dret de modificar la seva Pol\u00edtica de privacitat a la seva discreci\u00f3, o a causa d'un canvi legislatiu, jurisprudencial o doctrinal de l'Ag\u00e8ncia Espanyola de Protecci\u00f3 de Dades. Els canvis o actualitzacions d'aquesta Pol\u00edtica de privacitat no es notificaran expl\u00edcitament a l'Usuari. Es recomana als Usuaris que revisin aquesta p\u00e0gina peri\u00f2dicament per estar al corrent dels \u00faltims canvis o actualitzacions.<\/p><p>Aquesta Pol\u00edtica de privacitat s'ha actualitzat per adaptar-se al Reglament (UE) 2016\/679 del Parlament Europeu i del Consell, de 27 d'abril de 2016 relatiu a la protecci\u00f3 de les persones f\u00edsiques pel que fa al tractament de dades personals i a la lliure circulaci\u00f3 d'aquestes dades (RGPD) i la Llei Org\u00e0nica 3\/2018, de 5 de desembre, de Protecci\u00f3 de Dades Personals i Garantia dels Drets Digitals.<\/p>\t\t\t\t\t\t\t\t<\/div>\n\t\t\t\t<\/div>\n\t\t\t\t\t<\/div>\n\t\t\t\t<\/div>\n\t\t\t\t<\/div>","protected":false},"excerpt":{"rendered":"<p>POL\u00cdTICA DE PRIVACIDAD DEL SITIO WEB https:\/\/crepes-du-monde.com\/ I. POL\u00cdTICA DE PRIVACIDAD Y PROTECCI\u00d3N DE DATOS Respetando lo establecido en la legislaci\u00f3n vigente,\u00a0Restaurante\u00a0(en adelante, tambi\u00e9n Sitio Web) se compromete a adoptar las medidas t\u00e9cnicas y organizativas necesarias, seg\u00fan el nivel de seguridad adecuado al riesgo de los datos recogidos. Leyes que incorpora esta pol\u00edtica de privacidad [&hellip;]<\/p>\n","protected":false},"author":2,"featured_media":0,"parent":0,"menu_order":8,"comment_status":"closed","ping_status":"closed","template":"","meta":{"slim_seo":{"noindex":"1","title":"Pol\u00edtica de privacidad - Cr\u00eapes Du Monde - Restaurant","description":"POL\u00cdTICA DE PRIVACITAT DEL LLOC WEB https:\/\/crepes-du-monde.com\/   I. POL\u00cdTICA DE PRIVACITAT I PROTECCI\u00d3 DE DADES   D'acord amb les disposicions de la legislaci\u00f3 vi"},"footnotes":""},"class_list":["post-45","page","type-page","status-publish","hentry"],"_links":{"self":[{"href":"https:\/\/crepes-du-monde.com\/ca\/wp-json\/wp\/v2\/pages\/45","targetHints":{"allow":["GET"]}}],"collection":[{"href":"https:\/\/crepes-du-monde.com\/ca\/wp-json\/wp\/v2\/pages"}],"about":[{"href":"https:\/\/crepes-du-monde.com\/ca\/wp-json\/wp\/v2\/types\/page"}],"author":[{"embeddable":true,"href":"https:\/\/crepes-du-monde.com\/ca\/wp-json\/wp\/v2\/users\/2"}],"replies":[{"embeddable":true,"href":"https:\/\/crepes-du-monde.com\/ca\/wp-json\/wp\/v2\/comments?post=45"}],"version-history":[{"count":0,"href":"https:\/\/crepes-du-monde.com\/ca\/wp-json\/wp\/v2\/pages\/45\/revisions"}],"wp:attachment":[{"href":"https:\/\/crepes-du-monde.com\/ca\/wp-json\/wp\/v2\/media?parent=45"}],"curies":[{"name":"wp","href":"https:\/\/api.w.org\/{rel}","templated":true}]}}