{"id":45,"date":"2023-08-31T17:19:35","date_gmt":"2023-08-31T17:19:35","guid":{"rendered":"https:\/\/crepes-du-monde.com\/?page_id=45"},"modified":"2025-05-01T00:57:14","modified_gmt":"2025-04-30T22:57:14","slug":"datenschutzbestimmungen","status":"publish","type":"page","link":"https:\/\/crepes-du-monde.com\/de\/datenschutzbestimmungen\/","title":{"rendered":"Datenschutzbestimmungen"},"content":{"rendered":"<div data-elementor-type=\"wp-page\" data-elementor-id=\"45\" class=\"elementor elementor-45\" data-elementor-post-type=\"page\">\n\t\t\t\t<div class=\"elementor-element elementor-element-31099b7 e-flex e-con-boxed e-con e-parent\" data-id=\"31099b7\" data-element_type=\"container\" data-e-type=\"container\">\n\t\t\t\t\t<div class=\"e-con-inner\">\n\t\t\t\t<div class=\"elementor-element elementor-element-36db274 elementor-widget elementor-widget-text-editor\" data-id=\"36db274\" data-element_type=\"widget\" data-e-type=\"widget\" data-widget_type=\"text-editor.default\">\n\t\t\t\t<div class=\"elementor-widget-container\">\n\t\t\t\t\t\t\t\t\t<h2>DATENSCHUTZERKL\u00c4RUNG F\u00dcR DIE WEBSITE<\/h2><h4>https:\/\/crepes-du-monde.com\/<\/h4><h3>I. DATENSCHUTZ UND DATENSCHUTZPOLITIK<\/h3><p>In \u00dcbereinstimmung mit der geltenden Gesetzgebung verpflichtet sich das Restaurant (im Folgenden auch die Website), die notwendigen technischen und organisatorischen Ma\u00dfnahmen zu ergreifen, die dem Risiko der erhobenen Daten angemessen sind.<\/p><h4>Gesetze, die in diese Datenschutzrichtlinie aufgenommen wurden<\/h4><p>Diese Datenschutzpolitik ist an die aktuelle spanische und europ\u00e4ische Gesetzgebung zum Schutz pers\u00f6nlicher Daten im Internet angepasst. Sie beachtet insbesondere die folgenden Regeln:<\/p><ul><li>Verordnung (EU) 2016\/679 des Europ\u00e4ischen Parlaments und des Rates vom 27. April 2016 zum Schutz nat\u00fcrlicher Personen bei der Verarbeitung personenbezogener Daten und zum freien Datenverkehr (GDPR).<\/li><li>Organgesetz 3\/2018 vom 5. Dezember \u00fcber den Schutz personenbezogener Daten und die Gew\u00e4hrleistung der digitalen Rechte (LOPD-GDD).<\/li><li>K\u00f6niglicher Erlass 1720\/2007 vom 21. Dezember zur Verabschiedung der Verordnung zur Durchf\u00fchrung des Organgesetzes 15\/1999 vom 13. Dezember \u00fcber den Schutz personenbezogener Daten (RDLOPD).<\/li><li>Gesetz 34\/2002 vom 11. Juli \u00fcber die Dienste der Informationsgesellschaft und den elektronischen Handel (LSSI-CE).<\/li><\/ul><h4>Identit\u00e4t des f\u00fcr die Verarbeitung der personenbezogenen Daten Verantwortlichen<\/h4><p>Der Verantwortliche f\u00fcr die Verarbeitung der im Restaurant gesammelten personenbezogenen Daten ist: RILOULI S.L., Inhaber der Steueridentifikationsnummer: B16998544 und eingetragen in Girona Mercantil mit den folgenden Registerangaben: Tomo 3355, Libro 0, Folio 21, Hoja 69156, dessen Vertreter ist: Oliver Markus (im Folgenden \"Data Controller\"): Girona Mercantile mit den folgenden Registerangaben: Band 3355, Buch 0, Folio 21, Seite 69156, dessen Vertreter ist: Oliver Markus (im Folgenden \"f\u00fcr die Verarbeitung Verantwortlicher\"). Seine Kontaktdaten lauten wie folgt:<\/p><p>Anschrift: Avenida s'Agaro 90, Local 10<\/p><p>Telefonnummer der Kontaktperson: 972 97 30 41<\/p><p>E-Mail-Kontakt:\u00a0<a href=\"mailto:info@crepes-du-monde.com\">info@crepes-du-monde.com<\/a><\/p><h4>Register der personenbezogenen Daten<\/h4><p>In \u00dcbereinstimmung mit den Bestimmungen der RGPD und der LOPD-GDD informieren wir Sie dar\u00fcber, dass die vom Restaurant \u00fcber die auf seinen Seiten bereitgestellten Formulare gesammelten personenbezogenen Daten in unsere Datei aufgenommen und verarbeitet werden, um die zwischen dem Restaurant und dem Benutzer eingegangenen Verpflichtungen zu erleichtern, zu beschleunigen und zu erf\u00fcllen oder um die in den vom Benutzer ausgef\u00fcllten Formularen festgelegte Beziehung aufrechtzuerhalten oder um auf eine Anfrage oder einen Antrag des Benutzers zu antworten. Ebenso wird gem\u00e4\u00df den Bestimmungen der RGPD und der LOPD-GDD, sofern nicht die in Artikel 30.5 der RGPD vorgesehene Ausnahme zutrifft, ein Verzeichnis der Verarbeitungst\u00e4tigkeiten gef\u00fchrt, in dem je nach Zweck die durchgef\u00fchrten Verarbeitungst\u00e4tigkeiten und die anderen in der RGPD festgelegten Umst\u00e4nde aufgef\u00fchrt sind.<\/p><h4>F\u00fcr die Verarbeitung personenbezogener Daten geltende Grunds\u00e4tze<\/h4><p>Die Verarbeitung der personenbezogenen Daten des Nutzers unterliegt den folgenden Grunds\u00e4tzen, die in Artikel 5 der RGPD und in den Artikeln 4 und folgende des Organgesetzes 3\/2018 vom 5. Dezember \u00fcber den Schutz personenbezogener Daten und die Gew\u00e4hrleistung der digitalen Rechte festgelegt sind:<\/p><ul><li>Grundsatz der Rechtm\u00e4\u00dfigkeit, Fairness und Transparenz: Die Zustimmung des Nutzers ist jederzeit nach vollst\u00e4ndiger und transparenter Information \u00fcber die Zwecke, f\u00fcr die die personenbezogenen Daten erhoben werden, erforderlich.<\/li><li>Grundsatz der Zweckbindung: Personenbezogene Daten werden f\u00fcr festgelegte, eindeutige und rechtm\u00e4\u00dfige Zwecke erhoben.<\/li><li>Grundsatz der Datenminimierung: Es werden nur die personenbezogenen Daten erhoben, die f\u00fcr die Zwecke, f\u00fcr die sie verarbeitet werden, unbedingt erforderlich sind.<\/li><li>Grundsatz der sachlichen Richtigkeit: Personenbezogene Daten m\u00fcssen sachlich richtig und stets auf dem neuesten Stand sein.<\/li><li>Grundsatz der Begrenzung der Speicherdauer: Personenbezogene Daten werden nur in einer Form gespeichert, die die Identifizierung des Nutzers f\u00fcr den Zeitraum erm\u00f6glicht, der f\u00fcr die Zwecke ihrer Verarbeitung erforderlich ist.<\/li><li>Grundsatz der Integrit\u00e4t und Vertraulichkeit: Personenbezogene Daten sind in einer Weise zu verarbeiten, die ihre Sicherheit und Vertraulichkeit gew\u00e4hrleistet.<\/li><li>Grundsatz der proaktiven Rechenschaftspflicht: Der f\u00fcr die Verarbeitung Verantwortliche ist daf\u00fcr zust\u00e4ndig, dass die oben genannten Grunds\u00e4tze eingehalten werden.<\/li><\/ul><h4>Kategorien von personenbezogenen Daten<\/h4><p>Bei den vom Restaurant verarbeiteten Datenkategorien handelt es sich ausschlie\u00dflich um Identifikationsdaten. Unter keinen Umst\u00e4nden werden besondere Kategorien personenbezogener Daten im Sinne von Artikel 9 der DSGVO verarbeitet.<\/p><h4>Rechtsgrundlage f\u00fcr die Verarbeitung von personenbezogenen Daten<\/h4><p>Die Rechtsgrundlage f\u00fcr die Verarbeitung personenbezogener Daten ist die Einwilligung. Das Restaurant verpflichtet sich, die ausdr\u00fcckliche und \u00fcberpr\u00fcfbare Zustimmung des Nutzers zur Verarbeitung seiner personenbezogenen Daten f\u00fcr einen oder mehrere bestimmte Zwecke einzuholen.<\/p><p>Der Nutzer hat das Recht, seine Zustimmung jederzeit zu widerrufen. Der Widerruf der Einwilligung muss genauso einfach sein wie die Erteilung der Einwilligung. In der Regel darf der Widerruf der Zustimmung die Nutzung der Website nicht beeintr\u00e4chtigen.<\/p><p>In den F\u00e4llen, in denen der Nutzer seine Daten \u00fcber Formulare angeben muss oder kann, um Anfragen zu stellen, Informationen anzufordern oder aus Gr\u00fcnden, die mit dem Inhalt der Website zusammenh\u00e4ngen, wird er dar\u00fcber informiert, wenn das Ausf\u00fcllen eines dieser Formulare obligatorisch ist, weil es f\u00fcr die korrekte Abwicklung der durchgef\u00fchrten Operation unerl\u00e4sslich ist.<\/p><h4>Zwecke der Verarbeitung, f\u00fcr die die personenbezogenen Daten verwendet werden<\/h4><p>Die personenbezogenen Daten werden vom Restaurant gesammelt und verwaltet, um die zwischen der Website und dem Benutzer eingegangenen Verpflichtungen zu erleichtern, zu beschleunigen und zu erf\u00fcllen oder um die in den von letzterem ausgef\u00fcllten Formularen hergestellte Beziehung aufrechtzuerhalten oder um eine Anfrage oder einen Antrag zu bearbeiten.<\/p><p>Die Daten k\u00f6nnen auch f\u00fcr kommerzielle, personalisierte, betriebliche und statistische Zwecke und f\u00fcr Aktivit\u00e4ten im Zusammenhang mit dem Unternehmenszweck des Restaurants sowie f\u00fcr die Gewinnung und Speicherung von Daten und Marketingstudien zur Anpassung der dem Nutzer angebotenen Inhalte und zur Verbesserung der Qualit\u00e4t, des Betriebs und der Navigation der Website verwendet werden.<\/p><p>Zum Zeitpunkt der Erhebung der personenbezogenen Daten wird der Nutzer \u00fcber den\/die spezifischen Zweck(e) der Verarbeitung informiert, f\u00fcr den\/die die personenbezogenen Daten verwendet werden, d. h. \u00fcber die Verwendung(en), f\u00fcr die die erhobenen Informationen genutzt werden.<\/p><h4>Aufbewahrungsfristen f\u00fcr personenbezogene Daten<\/h4><p>Personenbezogene Daten werden nur so lange aufbewahrt, wie es f\u00fcr die Zwecke ihrer Verarbeitung erforderlich ist, und in jedem Fall nur f\u00fcr den folgenden Zeitraum: 12 Monate oder bis der Nutzer ihre L\u00f6schung beantragt.<\/p><p>Zum Zeitpunkt der Erhebung der personenbezogenen Daten wird der Nutzer \u00fcber den Zeitraum informiert, f\u00fcr den die personenbezogenen Daten aufbewahrt werden, oder, falls dies nicht m\u00f6glich ist, \u00fcber die Kriterien, nach denen dieser Zeitraum festgelegt wird.<\/p><h4>Empf\u00e4nger von personenbezogenen Daten<\/h4><p>Die pers\u00f6nlichen Daten des Nutzers werden nicht an Dritte weitergegeben.<\/p><p>In jedem Fall wird der Nutzer zum Zeitpunkt der Erhebung der personenbezogenen Daten \u00fcber die Empf\u00e4nger oder Kategorien von Empf\u00e4ngern der personenbezogenen Daten informiert.<\/p><h4>Personenbezogene Daten von Minderj\u00e4hrigen<\/h4><p>In \u00dcbereinstimmung mit den Bestimmungen der Artikel 8 der RGPD und 7 des Organgesetzes 3\/2018 vom 5. Dezember \u00fcber den Schutz personenbezogener Daten und die Gew\u00e4hrleistung digitaler Rechte k\u00f6nnen nur Personen \u00fcber 14 Jahren ihre Zustimmung zur rechtm\u00e4\u00dfigen Verarbeitung ihrer personenbezogenen Daten durch das Restaurant geben. Bei Minderj\u00e4hrigen unter 14 Jahren ist f\u00fcr die Verarbeitung die Zustimmung der Eltern oder Erziehungsberechtigten erforderlich, die nur dann als rechtm\u00e4\u00dfig angesehen wird, wenn sie ihre Zustimmung gegeben haben.<\/p><h4>Geheimhaltung und Sicherheit der personenbezogenen Daten<\/h4><p>Das Restaurant verpflichtet sich, die erforderlichen technischen und organisatorischen Ma\u00dfnahmen entsprechend dem dem Risiko der erhobenen Daten angemessenen Sicherheitsniveau zu ergreifen, um die Sicherheit der personenbezogenen Daten zu gew\u00e4hrleisten und die zuf\u00e4llige oder unrechtm\u00e4\u00dfige Zerst\u00f6rung, den Verlust oder die Ver\u00e4nderung der \u00fcbermittelten, gespeicherten oder anderweitig verarbeiteten personenbezogenen Daten sowie die unbefugte Weitergabe dieser Daten oder den unbefugten Zugriff auf diese Daten zu verhindern.<\/p><p>Die Website verf\u00fcgt \u00fcber ein SSL-Zertifikat (Secure Socket Layer), das die sichere und vertrauliche \u00dcbermittlung personenbezogener Daten gew\u00e4hrleistet, da die Daten\u00fcbertragung zwischen dem Server und dem Nutzer vollst\u00e4ndig verschl\u00fcsselt oder verschl\u00fcsselt wird.<\/p><p>Da das Restaurant jedoch weder die Unangreifbarkeit des Internets noch die v\u00f6llige Abwesenheit von Hackern oder anderen Personen, die in betr\u00fcgerischer Absicht auf personenbezogene Daten zugreifen, garantieren kann, verpflichtet sich der f\u00fcr die Verarbeitung Verantwortliche, den Nutzer unverz\u00fcglich zu informieren, wenn eine Verletzung der Sicherheit personenbezogener Daten auftritt, die ein hohes Risiko f\u00fcr die Rechte und Freiheiten nat\u00fcrlicher Personen mit sich bringen kann. Gem\u00e4\u00df Artikel 4 der Datenschutz-Grundverordnung ist unter einer Verletzung der Sicherheit personenbezogener Daten jede Verletzung der Sicherheit zu verstehen, die zur zuf\u00e4lligen oder unrechtm\u00e4\u00dfigen Zerst\u00f6rung, zum Verlust oder zur Ver\u00e4nderung der \u00fcbermittelten, gespeicherten oder anderweitig verarbeiteten personenbezogenen Daten oder zur unbefugten Weitergabe dieser Daten oder zum unbefugten Zugang zu diesen Daten f\u00fchrt.<\/p><p>Der f\u00fcr die Verarbeitung Verantwortliche behandelt die personenbezogenen Daten vertraulich und verpflichtet sich, seine Mitarbeiter, Partner und alle anderen Personen, denen er die Informationen zug\u00e4nglich macht, dar\u00fcber zu informieren und durch eine gesetzliche oder vertragliche Verpflichtung sicherzustellen, dass diese Vertraulichkeit gewahrt bleibt.<\/p><h4>Rechte, die sich aus der Verarbeitung von personenbezogenen Daten ergeben<\/h4><p>Der Nutzer verf\u00fcgt \u00fcber das Restaurant und kann daher die folgenden, in der RGPD und im Organgesetz 3\/2018 vom 5. Dezember \u00fcber den Schutz personenbezogener Daten und die Gew\u00e4hrleistung digitaler Rechte anerkannten Rechte gegen\u00fcber dem Datenverwalter geltend machen:<\/p><ul><li><em>Recht auf Zugang:<\/em>\u00a0Es handelt sich um das Recht des Nutzers, eine Best\u00e4tigung dar\u00fcber zu erhalten, ob das Restaurant seine personenbezogenen Daten verarbeitet oder nicht, und wenn dies der Fall ist, Informationen \u00fcber seine spezifischen personenbezogenen Daten und die Verarbeitung zu erhalten, die das Restaurant vorgenommen hat oder vornimmt, sowie unter anderem die verf\u00fcgbaren Informationen \u00fcber die Herkunft dieser Daten und die Empf\u00e4nger der f\u00fcr diese Daten vorgenommenen oder geplanten Mitteilungen.<\/li><li><em>Recht auf Berichtigung:<\/em>\u00a0Dies ist das Recht des Nutzers, seine personenbezogenen Daten \u00e4ndern zu lassen, wenn sie sich als unrichtig oder im Hinblick auf den Zweck der Verarbeitung als unvollst\u00e4ndig erweisen.<\/li><li><em>Recht auf L\u00f6schung (\u00abRecht auf Vergessenwerden\u00bb):<\/em>\u00a0Sofern gesetzlich nicht anders vorgesehen, hat der Nutzer das Recht, die L\u00f6schung seiner personenbezogenen Daten zu verlangen, wenn diese f\u00fcr die Zwecke, f\u00fcr die sie erhoben oder verarbeitet wurden, nicht mehr erforderlich sind, wenn der Nutzer seine Einwilligung zu der Verarbeitung widerrufen hat und es keine andere rechtm\u00e4\u00dfige Grundlage f\u00fcr die Verarbeitung gibt; der Nutzer Widerspruch gegen die Verarbeitung eingelegt hat und kein anderer rechtm\u00e4\u00dfiger Grund f\u00fcr die Fortsetzung der Verarbeitung vorliegt; die personenbezogenen Daten unrechtm\u00e4\u00dfig verarbeitet wurden; die personenbezogenen Daten aufgrund einer rechtlichen Verpflichtung gel\u00f6scht werden m\u00fcssen; oder die personenbezogenen Daten als Ergebnis eines Direktangebots von Diensten der Informationsgesellschaft an eine Person unter 14 Jahren erhoben wurden. Zus\u00e4tzlich zur L\u00f6schung ergreift der f\u00fcr die Verarbeitung Verantwortliche unter Ber\u00fccksichtigung der verf\u00fcgbaren Technologie und der Kosten ihrer Umsetzung angemessene Ma\u00dfnahmen, um die f\u00fcr die Verarbeitung Verantwortlichen, die die personenbezogenen Daten verarbeiten, \u00fcber den Antrag der betroffenen Person auf L\u00f6schung aller Verkn\u00fcpfungen mit diesen personenbezogenen Daten zu informieren.<\/li><li><em>Recht auf Einschr\u00e4nkung der Verarbeitung:<\/em>\u00a0Dies ist das Recht des Nutzers, die Verarbeitung seiner personenbezogenen Daten einzuschr\u00e4nken. Der Nutzer hat das Recht, die Einschr\u00e4nkung der Verarbeitung zu erwirken, wenn er die Richtigkeit seiner personenbezogenen Daten bestreitet, die Verarbeitung unrechtm\u00e4\u00dfig ist, der f\u00fcr die Verarbeitung Verantwortliche die personenbezogenen Daten nicht mehr ben\u00f6tigt, der Nutzer sie aber zur Geltendmachung von Anspr\u00fcchen ben\u00f6tigt, und wenn der Nutzer der Verarbeitung widersprochen hat.<\/li><li><em>Recht auf Daten\u00fcbertragbarkeit:<\/em>\u00a0Im Falle einer automatisierten Verarbeitung hat der Nutzer das Recht, von dem f\u00fcr die Verarbeitung Verantwortlichen seine personenbezogenen Daten in einem strukturierten, g\u00e4ngigen und maschinenlesbaren Format zu erhalten und sie einem anderen f\u00fcr die Verarbeitung Verantwortlichen zu \u00fcbermitteln. Soweit technisch machbar, \u00fcbermittelt der f\u00fcr die Verarbeitung Verantwortliche die Daten direkt an diesen anderen f\u00fcr die Verarbeitung Verantwortlichen.<\/li><li><em>Recht auf Widerspruch:<\/em>\u00a0Dies ist das Recht des Nutzers, die Verarbeitung seiner personenbezogenen Daten zu verweigern oder die Verarbeitung dieser Daten durch das Restaurant zu stoppen.<\/li><li><em>Das Recht, keiner Entscheidung unterworfen zu werden, die ausschlie\u00dflich auf einer automatisierten Verarbeitung, einschlie\u00dflich Profiling, beruht:<\/em>\u00a0Dies ist das Recht des Nutzers, keiner individualisierten Entscheidung unterworfen zu werden, die ausschlie\u00dflich auf einer automatisierten Verarbeitung seiner personenbezogenen Daten beruht, einschlie\u00dflich Profiling, es sei denn, das Gesetz sieht etwas anderes vor.<\/li><\/ul><p>Daher kann der Nutzer seine Rechte durch eine schriftliche Mitteilung an den f\u00fcr die Datenverarbeitung Verantwortlichen mit dem Aktenzeichen \u00abRGPD-https:\/\/crepes-du-monde.com\/\u00bb aus\u00fcben, in der er Folgendes angibt<\/p><ul><li>Name, Nachname(n) des Nutzers und Kopie des Personalausweises. In den F\u00e4llen, in denen eine Vertretung zul\u00e4ssig ist, muss auch die Person, die den Nutzer vertritt, mit denselben Mitteln identifiziert werden, ebenso wie das Dokument, das die Vertretung best\u00e4tigt. Die Fotokopie des DNI kann durch jedes andere rechtsg\u00fcltige Mittel ersetzt werden, das die Identit\u00e4t best\u00e4tigt.<\/li><li>Antrag mit spezifischen Gr\u00fcnden f\u00fcr den Antrag oder die Informationen, auf die zugegriffen werden soll.<\/li><li>Anschrift f\u00fcr die Zustellung von Mitteilungen.<\/li><li>Datum und Unterschrift des Antragstellers.<\/li><li>Alle Dokumente, die den Antrag belegen.<\/li><\/ul><p>Diese Bewerbung und alle beigef\u00fcgten Unterlagen k\u00f6nnen an die folgende Adresse und\/oder E-Mail-Adresse geschickt werden:<\/p><p>Postanschrift: Avenida s'Agaro 90, Local 10<\/p><p>E-Mail: info@crepes-du-monde.com<\/p><h4>Links zu Websites Dritter<\/h4><p>Die Website kann Hyperlinks oder Links enthalten, die den Zugang zu Websites Dritter erm\u00f6glichen, die nicht zum Restaurant geh\u00f6ren und daher nicht vom Restaurant betrieben werden. Die Eigent\u00fcmer solcher Websites haben ihre eigenen Datenschutzrichtlinien und sind in jedem Fall selbst f\u00fcr ihre eigenen Dateien und ihre eigenen Datenschutzpraktiken verantwortlich.<\/p><h4>Beschwerden bei der Aufsichtsbeh\u00f6rde<\/h4><p>Sollte der Nutzer der Ansicht sein, dass die Art und Weise der Verarbeitung seiner personenbezogenen Daten ein Problem oder einen Versto\u00df gegen die geltenden Vorschriften darstellt, hat er das Recht auf wirksamen Rechtsschutz und das Recht, eine Beschwerde bei einer Aufsichtsbeh\u00f6rde einzureichen, insbesondere in dem Staat, in dem er seinen gew\u00f6hnlichen Aufenthalt, seinen Arbeitsplatz oder den Ort des mutma\u00dflichen Versto\u00dfes hat. Im Falle Spaniens ist die Aufsichtsbeh\u00f6rde die spanische Datenschutzbeh\u00f6rde (https:\/\/www.aepd.es\/).<\/p><h3>II. AKZEPTANZ UND \u00c4NDERUNGEN DIESER DATENSCHUTZERKL\u00c4RUNG<\/h3><p>Es ist notwendig, dass der Nutzer die in dieser Datenschutzrichtlinie enthaltenen Bedingungen f\u00fcr den Schutz personenbezogener Daten gelesen hat und ihnen zustimmt, sowie dass er die Verarbeitung seiner personenbezogenen Daten akzeptiert, damit der Datenverantwortliche in der Art und Weise, w\u00e4hrend der Zeitr\u00e4ume und zu den angegebenen Zwecken fortfahren kann. Die Nutzung der Website setzt die Annahme der Datenschutzbestimmungen voraus.<\/p><p>Das Restaurant beh\u00e4lt sich das Recht vor, seine Datenschutzpolitik nach eigenen Kriterien oder aufgrund einer \u00c4nderung der Gesetzgebung, der Rechtsprechung oder der Doktrin der spanischen Datenschutzbeh\u00f6rde zu \u00e4ndern. \u00c4nderungen oder Aktualisierungen der vorliegenden Datenschutzpolitik werden dem Benutzer nicht ausdr\u00fccklich mitgeteilt. Dem Nutzer wird empfohlen, diese Seite regelm\u00e4\u00dfig zu konsultieren, um \u00fcber die neuesten \u00c4nderungen oder Aktualisierungen auf dem Laufenden zu bleiben.<\/p><p>Diese Datenschutzrichtlinie wurde aktualisiert, um sie an die Verordnung (EU) 2016\/679 des Europ\u00e4ischen Parlaments und des Rates vom 27. April 2016 zum Schutz nat\u00fcrlicher Personen bei der Verarbeitung personenbezogener Daten und zum freien Datenverkehr (GDPR) und an das Organgesetz 3\/2018 vom 5. Dezember \u00fcber den Schutz personenbezogener Daten und die Gew\u00e4hrleistung digitaler Rechte anzupassen.<\/p>\t\t\t\t\t\t\t\t<\/div>\n\t\t\t\t<\/div>\n\t\t\t\t\t<\/div>\n\t\t\t\t<\/div>\n\t\t\t\t<\/div>","protected":false},"excerpt":{"rendered":"<p>POL\u00cdTICA DE PRIVACIDAD DEL SITIO WEB https:\/\/crepes-du-monde.com\/ I. POL\u00cdTICA DE PRIVACIDAD Y PROTECCI\u00d3N DE DATOS Respetando lo establecido en la legislaci\u00f3n vigente,\u00a0Restaurante\u00a0(en adelante, tambi\u00e9n Sitio Web) se compromete a adoptar las medidas t\u00e9cnicas y organizativas necesarias, seg\u00fan el nivel de seguridad adecuado al riesgo de los datos recogidos. Leyes que incorpora esta pol\u00edtica de privacidad [&hellip;]<\/p>\n","protected":false},"author":2,"featured_media":0,"parent":0,"menu_order":8,"comment_status":"closed","ping_status":"closed","template":"","meta":{"slim_seo":{"noindex":"1","title":"Pol\u00edtica de privacidad - Cr\u00eapes Du Monde - Restaurant","description":"PRIVACY POLICY OF THE WEBSITE https:\/\/crepes-du-monde.com\/ I. PRIVACY AND DATA PROTECTION POLICY Respecting the provisions of the legislation vi"},"footnotes":""},"class_list":["post-45","page","type-page","status-publish","hentry"],"_links":{"self":[{"href":"https:\/\/crepes-du-monde.com\/de\/wp-json\/wp\/v2\/pages\/45","targetHints":{"allow":["GET"]}}],"collection":[{"href":"https:\/\/crepes-du-monde.com\/de\/wp-json\/wp\/v2\/pages"}],"about":[{"href":"https:\/\/crepes-du-monde.com\/de\/wp-json\/wp\/v2\/types\/page"}],"author":[{"embeddable":true,"href":"https:\/\/crepes-du-monde.com\/de\/wp-json\/wp\/v2\/users\/2"}],"replies":[{"embeddable":true,"href":"https:\/\/crepes-du-monde.com\/de\/wp-json\/wp\/v2\/comments?post=45"}],"version-history":[{"count":0,"href":"https:\/\/crepes-du-monde.com\/de\/wp-json\/wp\/v2\/pages\/45\/revisions"}],"wp:attachment":[{"href":"https:\/\/crepes-du-monde.com\/de\/wp-json\/wp\/v2\/media?parent=45"}],"curies":[{"name":"wp","href":"https:\/\/api.w.org\/{rel}","templated":true}]}}