{"id":41,"date":"2023-08-31T17:19:11","date_gmt":"2023-08-31T17:19:11","guid":{"rendered":"https:\/\/crepes-du-monde.com\/?page_id=41"},"modified":"2025-05-01T00:57:57","modified_gmt":"2025-04-30T22:57:57","slug":"avis-juridique","status":"publish","type":"page","link":"https:\/\/crepes-du-monde.com\/fr\/avis-juridique\/","title":{"rendered":"Avis juridique"},"content":{"rendered":"<div data-elementor-type=\"wp-page\" data-elementor-id=\"41\" class=\"elementor elementor-41\" data-elementor-post-type=\"page\">\n\t\t\t\t<div class=\"elementor-element elementor-element-1c16b08 e-flex e-con-boxed e-con e-parent\" data-id=\"1c16b08\" data-element_type=\"container\" data-e-type=\"container\">\n\t\t\t\t\t<div class=\"e-con-inner\">\n\t\t\t\t<div class=\"elementor-element elementor-element-6cb3423 elementor-widget elementor-widget-text-editor\" data-id=\"6cb3423\" data-element_type=\"widget\" data-e-type=\"widget\" data-widget_type=\"text-editor.default\">\n\t\t\t\t<div class=\"elementor-widget-container\">\n\t\t\t\t\t\t\t\t\t<p><strong>AVIS JURIDIQUE ET CONDITIONS G\u00c9N\u00c9RALES D'UTILISATION<\/strong><\/p><p>httsp:\/\/crepes-du-monde.com\/<br \/>I. INFORMATIONS G\u00c9N\u00c9RALES<br \/>Conform\u00e9ment \u00e0 l'obligation d'information pr\u00e9vue par la loi 34\/2002 sur les services de la soci\u00e9t\u00e9 de l'information et le commerce \u00e9lectronique (LSSI-CE) du 11 juillet, les informations g\u00e9n\u00e9rales suivantes sont fournies sur ce site web :<\/p><p>La propri\u00e9t\u00e9 de ce site web, httsp:\/\/crepes-du-monde.com\/, (ci-apr\u00e8s, le site web) est d\u00e9tenue par : RILOULI S.L., titulaire du num\u00e9ro d'identification fiscale : B16998544 et inscrite au Girona Mercantil avec les donn\u00e9es de registre suivantes : Tomo 3355, Libro 0, Folio 21, Hoja 69156, dont le repr\u00e9sentant est : Oliver Markus : Girona Mercantile avec les donn\u00e9es de registre suivantes : Volume 3355, Livre 0, Folio 21, Page 69156, dont le repr\u00e9sentant est : Oliver Markus, et dont les coordonn\u00e9es sont :<\/p><p>Adresse : Avenida s'Agaro 90, Local 10<\/p><p>Num\u00e9ro de t\u00e9l\u00e9phone de contact : 972 97 30 41<\/p><p>Courriel de contact : <a href=\"mailto:info@crepes-du-monde.com\">info@crepes-du-monde.com<\/a><\/p><p>II. CONDITIONS G\u00c9N\u00c9RALES D'UTILISATION<br \/>L'objet des conditions g\u00e9n\u00e9rales : Le site web<br \/>Les pr\u00e9sentes conditions g\u00e9n\u00e9rales d'utilisation (ci-apr\u00e8s d\u00e9nomm\u00e9es \"conditions\") ont pour objet de r\u00e9glementer l'acc\u00e8s au site web et son utilisation. Aux fins des pr\u00e9sentes conditions g\u00e9n\u00e9rales, on entend par site web : l'aspect ext\u00e9rieur des interfaces d'\u00e9cran, tant statiques que dynamiques, c'est-\u00e0-dire l'arbre de navigation ; et tous les \u00e9l\u00e9ments int\u00e9gr\u00e9s tant dans les interfaces d'\u00e9cran que dans l'arbre de navigation (ci-apr\u00e8s d\u00e9nomm\u00e9s \"contenu\") et tous les services ou ressources en ligne qui peuvent \u00eatre offerts aux utilisateurs (ci-apr\u00e8s d\u00e9nomm\u00e9s \"services\").<\/p><p>Le Restaurant se r\u00e9serve le droit de modifier, \u00e0 tout moment et sans pr\u00e9avis, la pr\u00e9sentation et la configuration du site Web ainsi que le Contenu et les Services qui peuvent y \u00eatre incorpor\u00e9s. L'Utilisateur reconna\u00eet et accepte que le Restaurant puisse \u00e0 tout moment interrompre, d\u00e9sactiver et\/ou annuler l'un quelconque de ces \u00e9l\u00e9ments du site ou l'acc\u00e8s \u00e0 ceux-ci.<\/p><p>L'acc\u00e8s au site web par l'utilisateur est libre et, en r\u00e8gle g\u00e9n\u00e9rale, gratuit, sans que l'utilisateur n'ait \u00e0 fournir de contrepartie pour en b\u00e9n\u00e9ficier, \u00e0 l'exception du co\u00fbt de la connexion via le r\u00e9seau de t\u00e9l\u00e9communications fourni par le fournisseur d'acc\u00e8s contract\u00e9 par l'utilisateur.<\/p><p>L'utilisation de tout contenu ou service du site web peut \u00eatre subordonn\u00e9e \u00e0 l'inscription ou \u00e0 l'enregistrement pr\u00e9alable de l'utilisateur.<\/p><p>L'utilisateur<br \/>L'acc\u00e8s, la navigation et l'utilisation du site Web conf\u00e8rent la condition d'utilisateur et, par cons\u00e9quent, d\u00e8s le d\u00e9but de la navigation sur le site Web, l'utilisateur accepte toutes les conditions \u00e9tablies ici, ainsi que toutes les modifications ult\u00e9rieures, sans pr\u00e9judice de l'application des normes l\u00e9gales correspondantes qui doivent \u00eatre respect\u00e9es le cas \u00e9ch\u00e9ant. Compte tenu de l'importance de ce qui pr\u00e9c\u00e8de, il est recommand\u00e9 \u00e0 l'utilisateur de les lire chaque fois qu'il visite le site Web.<\/p><p>Le site web du restaurant fournit un large \u00e9ventail d'informations, de services et de donn\u00e9es. L'utilisateur assume la responsabilit\u00e9 de l'utilisation correcte du site web. Cette responsabilit\u00e9 s'\u00e9tend \u00e0 :<\/p><p>L'utilisation des informations, du contenu et\/ou des services et donn\u00e9es propos\u00e9s par le Restaurant sans \u00eatre contraire aux dispositions des pr\u00e9sentes Conditions, \u00e0 la loi, \u00e0 la morale ou \u00e0 l'ordre public, ou qui, de toute autre mani\u00e8re, pourrait porter atteinte aux droits des tiers ou au fonctionnement du Site Internet.<br \/>La v\u00e9racit\u00e9 et la l\u00e9galit\u00e9 des informations fournies par l'Utilisateur sur les formulaires \u00e9mis par le Restaurant pour l'acc\u00e8s \u00e0 certains contenus ou services offerts par le site Web. En tout \u00e9tat de cause, l'Utilisateur notifiera imm\u00e9diatement au Restaurant tout \u00e9v\u00e9nement permettant une utilisation abusive des informations enregistr\u00e9es sur ces formulaires, tel que, mais sans s'y limiter, le vol, la perte ou l'acc\u00e8s non autoris\u00e9 aux identifiants et\/ou mots de passe, afin de proc\u00e9der \u00e0 leur annulation imm\u00e9diate.<br \/>Le simple fait d'acc\u00e9der \u00e0 ce site Web n'implique pas l'\u00e9tablissement d'une quelconque relation commerciale entre le restaurant et l'utilisateur.<\/p><p>L'Utilisateur d\u00e9clare \u00eatre majeur et avoir la capacit\u00e9 juridique suffisante pour \u00eatre li\u00e9 par les pr\u00e9sentes Conditions. En cons\u00e9quence, le site du Restaurant n'est pas destin\u00e9 aux mineurs. Le Restaurant d\u00e9cline toute responsabilit\u00e9 en cas de non-respect de cette obligation.<\/p><p>Le Site est destin\u00e9 principalement aux Utilisateurs r\u00e9sidant en . Le Restaurant ne pr\u00e9tend pas que le Site est conforme aux lois d'autres pays, en tout ou en partie. Si l'Utilisateur r\u00e9side ou est domicili\u00e9 ailleurs et d\u00e9cide d'acc\u00e9der et\/ou de naviguer sur le site, il le fait \u00e0 ses risques et p\u00e9rils, et doit s'assurer que cet acc\u00e8s et cette navigation sont conformes \u00e0 la l\u00e9gislation locale qui lui est applicable, et le Restaurant n'accepte aucune responsabilit\u00e9 quelle qu'elle soit qui pourrait d\u00e9couler de cet acc\u00e8s.<\/p><p>III. ACC\u00c8S ET NAVIGATION SUR LE SITE WEB : EXCLUSION DE GARANTIE ET DE RESPONSABILIT\u00c9<br \/>Le Restaurant ne garantit pas la continuit\u00e9, la disponibilit\u00e9 et l'utilit\u00e9 du Site, du Contenu ou des Services. Le Restaurant fera tout son possible pour assurer le bon fonctionnement du site, mais ne peut garantir que l'acc\u00e8s au site sera ininterrompu ou exempt d'erreurs.<\/p><p>Le Restaurant n'accepte pas non plus de responsabilit\u00e9 ou de garantie que le contenu ou le logiciel auquel il est possible d'acc\u00e9der par le biais de ce site Web soit exempt d'erreurs ou cause des dommages au syst\u00e8me informatique (logiciel et mat\u00e9riel) de l'Utilisateur. Le Restaurant ne peut en aucun cas \u00eatre tenu responsable des pertes, dommages ou pr\u00e9judices de toute nature d\u00e9coulant de l'acc\u00e8s, de la navigation et de l'utilisation du site Web, y compris, mais sans s'y limiter, ceux caus\u00e9s aux syst\u00e8mes informatiques ou caus\u00e9s par l'introduction de virus.<\/p><p>Le Restaurant ne peut pas non plus \u00eatre tenu responsable des dommages qui pourraient \u00eatre caus\u00e9s aux utilisateurs par une utilisation inappropri\u00e9e de ce site. En particulier, le Restaurant ne peut \u00eatre tenu responsable de quelque mani\u00e8re que ce soit des pannes, interruptions, d\u00e9faillances ou d\u00e9fauts de t\u00e9l\u00e9communications qui pourraient survenir.<\/p><p>IV. POLITIQUE DE LIAISON<br \/>Nous vous informons que le site web du restaurant met ou peut mettre \u00e0 la disposition des utilisateurs des moyens de liaison (tels que, entre autres, des liens, des banni\u00e8res, des boutons), des r\u00e9pertoires et des moteurs de recherche qui permettent aux utilisateurs d'acc\u00e9der \u00e0 des sites web appartenant \u00e0 des tiers et\/ou g\u00e9r\u00e9s par des tiers.<\/p><p>L'installation de ces liens, r\u00e9pertoires et moteurs de recherche sur le site web a pour but de faciliter la recherche et l'acc\u00e8s des utilisateurs aux informations disponibles sur Internet, et ne peut \u00eatre consid\u00e9r\u00e9e comme une suggestion, une recommandation ou une invitation \u00e0 les visiter.<\/p><p>Le restaurant n'offre ni ne commercialise lui-m\u00eame, ou par l'interm\u00e9diaire de tiers, les produits et\/ou services disponibles sur ces sites li\u00e9s.<\/p><p>Elle ne garantit pas non plus la disponibilit\u00e9 technique, l'exactitude, la v\u00e9racit\u00e9, la validit\u00e9 ou la l\u00e9galit\u00e9 des sites ne lui appartenant pas et accessibles par les liens.<\/p><p>En aucun cas, le Restaurant n'examinera ou ne contr\u00f4lera le contenu d'autres sites web, ni n'approuvera, n'examinera ou ne soutiendra les produits et services, le contenu, les fichiers et tout autre mat\u00e9riel de ces sites li\u00e9s.<\/p><p>Le Restaurant d\u00e9cline toute responsabilit\u00e9 pour les dommages qui pourraient r\u00e9sulter de l'acc\u00e8s, de l'utilisation, de la qualit\u00e9 ou de la l\u00e9galit\u00e9 des contenus, des communications, des opinions, des produits et des services des sites web non g\u00e9r\u00e9s par le Restaurant et li\u00e9s au pr\u00e9sent site web.<\/p><p>L'utilisateur ou le tiers qui cr\u00e9e un lien hypertexte \u00e0 partir d'une page web d'un autre site web vers le site web du restaurant doit savoir que<\/p><p>La reproduction - en tout ou en partie - du contenu et\/ou des services du site Web est interdite sans l'autorisation expresse du restaurant.<\/p><p>Aucune information fausse, inexacte ou incorrecte sur le site Web du restaurant, son contenu et\/ou ses services n'est autoris\u00e9e.<\/p><p>\u00c0 l'exception de l'hyperlien, le site web sur lequel est \u00e9tabli l'hyperlien ne contiendra aucun \u00e9l\u00e9ment de ce site web prot\u00e9g\u00e9 en tant que propri\u00e9t\u00e9 intellectuelle par la loi espagnole, sauf autorisation expresse du restaurant.<\/p><p>L'\u00e9tablissement d'un hyperlien n'implique pas l'existence d'une relation entre le Restaurant et le propri\u00e9taire du site web \u00e0 partir duquel il est \u00e9tabli, ni la connaissance et l'acceptation par le Restaurant des contenus, services et\/ou activit\u00e9s propos\u00e9s sur ce site web, et vice versa.<\/p><p>V. PROPRI\u00c9T\u00c9 INTELLECTUELLE ET INDUSTRIELLE<br \/>Le restaurant lui-m\u00eame ou en tant que cessionnaire, est titulaire de tous les droits de propri\u00e9t\u00e9 intellectuelle et industrielle du site Web, ainsi que des \u00e9l\u00e9ments qu'il contient (y compris, mais sans s'y limiter, les images, le son, l'audio, la vid\u00e9o, le logiciel ou les textes, les marques ou les logos, les combinaisons de couleurs, la structure et la conception, la s\u00e9lection des mat\u00e9riaux utilis\u00e9s, les programmes informatiques n\u00e9cessaires \u00e0 son fonctionnement, \u00e0 son acc\u00e8s et \u00e0 son utilisation, etc.) ). Il s'agit donc d'\u0153uvres prot\u00e9g\u00e9es en tant que propri\u00e9t\u00e9 intellectuelle par le syst\u00e8me juridique espagnol, auquel s'appliquent les r\u00e9glementations espagnoles et communautaires en la mati\u00e8re, ainsi que les trait\u00e9s internationaux sign\u00e9s par l'Espagne en la mati\u00e8re.<\/p><p>Tous les droits sont r\u00e9serv\u00e9s. Conform\u00e9ment aux dispositions de la loi sur la propri\u00e9t\u00e9 intellectuelle, la reproduction, la distribution et la communication publique, y compris la mise \u00e0 disposition, de tout ou partie du contenu de ce site Web, \u00e0 des fins commerciales, sur tout support et par tout moyen technique, sans l'autorisation de Restaurante.<\/p><p>L'Utilisateur s'engage \u00e0 respecter les droits de propri\u00e9t\u00e9 intellectuelle et industrielle du Restaurant. L'Utilisateur peut visualiser les \u00e9l\u00e9ments du Site Internet, voire les imprimer, les copier et les stocker sur le disque dur de son ordinateur ou sur tout autre support physique, \u00e0 condition que ce soit exclusivement pour son usage personnel. L'Utilisateur ne peut toutefois pas supprimer, alt\u00e9rer ou manipuler tout dispositif de protection ou syst\u00e8me de s\u00e9curit\u00e9 install\u00e9 sur le Site Internet.<\/p><p>Si l'Utilisateur ou un tiers consid\u00e8re que l'un des Contenus du Site Web constitue une violation des droits de protection de la propri\u00e9t\u00e9 intellectuelle, il doit en informer imm\u00e9diatement le Restaurant en utilisant les coordonn\u00e9es figurant dans la section INFORMATIONS G\u00c9N\u00c9RALES des pr\u00e9sentes Mentions l\u00e9gales et Conditions g\u00e9n\u00e9rales d'utilisation.<\/p><p>VI. ACTIONS EN JUSTICE, DROIT APPLICABLE ET JURIDICTION<br \/>Le Restaurant se r\u00e9serve le droit d'engager toute action civile ou p\u00e9nale qu'il jugera n\u00e9cessaire en cas d'utilisation abusive du Site et de ses Contenus, ou de non-respect des pr\u00e9sentes Conditions.<\/p><p>La relation entre l'Utilisateur et le Restaurant sera r\u00e9gie par la r\u00e9glementation en vigueur et applicable en Espagne. En cas de litige relatif \u00e0 l'interpr\u00e9tation et\/ou \u00e0 l'application des pr\u00e9sentes conditions, les parties soumettront leurs conflits \u00e0 la juridiction ordinaire, en s'en remettant aux juges et aux tribunaux correspondants conform\u00e9ment \u00e0 la loi.<\/p>\t\t\t\t\t\t\t\t<\/div>\n\t\t\t\t<\/div>\n\t\t\t\t\t<\/div>\n\t\t\t\t<\/div>\n\t\t\t\t<\/div>","protected":false},"excerpt":{"rendered":"<p>AVISO LEGAL Y CONDICIONES GENERALES DE USO httsp:\/\/crepes-du-monde.com\/I. INFORMACI\u00d3N GENERALEn cumplimiento con el deber de informaci\u00f3n dispuesto en la Ley 34\/2002 de Servicios de la Sociedad de la Informaci\u00f3n y el Comercio Electr\u00f3nico (LSSI-CE) de 11 de julio, se facilitan a continuaci\u00f3n los siguientes datos de informaci\u00f3n general de este sitio web: La titularidad de [&hellip;]<\/p>\n","protected":false},"author":2,"featured_media":0,"parent":0,"menu_order":7,"comment_status":"closed","ping_status":"closed","template":"","meta":{"slim_seo":{"noindex":"1","title":"Aviso Legal - Cr\u00eapes Du Monde - Restaurant","description":"AVIS L\u00c9GAL ET CONDITIONS G\u00c9N\u00c9RALES D'UTILISATION httsp:\/\/crepes-du-monde.com\/ I. INFORMATIONS G\u00c9N\u00c9RALES Conform\u00e9ment \u00e0 l'obligation d'information pr\u00e9vue par la loi 3"},"footnotes":""},"class_list":["post-41","page","type-page","status-publish","hentry"],"_links":{"self":[{"href":"https:\/\/crepes-du-monde.com\/fr\/wp-json\/wp\/v2\/pages\/41","targetHints":{"allow":["GET"]}}],"collection":[{"href":"https:\/\/crepes-du-monde.com\/fr\/wp-json\/wp\/v2\/pages"}],"about":[{"href":"https:\/\/crepes-du-monde.com\/fr\/wp-json\/wp\/v2\/types\/page"}],"author":[{"embeddable":true,"href":"https:\/\/crepes-du-monde.com\/fr\/wp-json\/wp\/v2\/users\/2"}],"replies":[{"embeddable":true,"href":"https:\/\/crepes-du-monde.com\/fr\/wp-json\/wp\/v2\/comments?post=41"}],"version-history":[{"count":0,"href":"https:\/\/crepes-du-monde.com\/fr\/wp-json\/wp\/v2\/pages\/41\/revisions"}],"wp:attachment":[{"href":"https:\/\/crepes-du-monde.com\/fr\/wp-json\/wp\/v2\/media?parent=41"}],"curies":[{"name":"wp","href":"https:\/\/api.w.org\/{rel}","templated":true}]}}