{"id":43,"date":"2023-08-31T17:19:24","date_gmt":"2023-08-31T17:19:24","guid":{"rendered":"https:\/\/crepes-du-monde.com\/?page_id=43"},"modified":"2025-05-01T00:58:15","modified_gmt":"2025-04-30T22:58:15","slug":"politique-en-matiere-de-cookies","status":"publish","type":"page","link":"https:\/\/crepes-du-monde.com\/fr\/politique-en-matiere-de-cookies\/","title":{"rendered":"Politique en mati\u00e8re de cookies"},"content":{"rendered":"<div data-elementor-type=\"wp-page\" data-elementor-id=\"43\" class=\"elementor elementor-43\" data-elementor-post-type=\"page\">\n\t\t\t\t<div class=\"elementor-element elementor-element-79736ea e-flex e-con-boxed e-con e-parent\" data-id=\"79736ea\" data-element_type=\"container\" data-e-type=\"container\">\n\t\t\t\t\t<div class=\"e-con-inner\">\n\t\t\t\t<div class=\"elementor-element elementor-element-d628960 elementor-widget elementor-widget-text-editor\" data-id=\"d628960\" data-element_type=\"widget\" data-e-type=\"widget\" data-widget_type=\"text-editor.default\">\n\t\t\t\t<div class=\"elementor-widget-container\">\n\t\t\t\t\t\t\t\t\t<h2><strong>POLITIQUE EN MATI\u00c8RE DE COOKIES<\/strong><\/h2>\n\n<h4>https:\/\/crepes-du-monde.com<\/h4>\n\n<p>L'acc\u00e8s \u00e0 ce site Web peut impliquer l'utilisation de cookies. Les cookies sont de petites quantit\u00e9s d'informations qui sont stock\u00e9es dans le navigateur utilis\u00e9 par chaque utilisateur - dans les diff\u00e9rents dispositifs qui peuvent \u00eatre utilis\u00e9s pour naviguer - afin que le serveur se souvienne de certaines informations qui ne seront ensuite lues que par le serveur qui les a impl\u00e9ment\u00e9es. Les cookies facilitent la navigation, la rendent plus conviviale et n'endommagent pas le dispositif de navigation.<\/p>\n\n<p>Les cookies sont des proc\u00e9dures automatiques de collecte d'informations relatives aux pr\u00e9f\u00e9rences d\u00e9termin\u00e9es par l'utilisateur lors de sa visite sur le site Web afin de le reconna\u00eetre en tant qu'utilisateur et de personnaliser son exp\u00e9rience et son utilisation du site Web, et peuvent \u00e9galement, par exemple, aider \u00e0 identifier et \u00e0 r\u00e9soudre des erreurs.<\/p>\n\n<p>Les informations collect\u00e9es par le biais des cookies peuvent inclure la date et l'heure des visites sur le site web, les pages consult\u00e9es, le temps pass\u00e9 sur le site web et les sites visit\u00e9s juste avant et juste apr\u00e8s le site web. Toutefois, aucun cookie ne permet de contacter le num\u00e9ro de t\u00e9l\u00e9phone de l'utilisateur ou tout autre moyen de contact personnel. Aucun cookie ne peut extraire des informations du disque dur de l'utilisateur ou voler des informations personnelles. Le seul moyen pour que les informations priv\u00e9es de l'utilisateur fassent partie du fichier Cookie est que l'utilisateur donne personnellement ces informations au serveur.<\/p>\n\n<p>Les cookies qui permettent d'identifier une personne sont consid\u00e9r\u00e9s comme des donn\u00e9es \u00e0 caract\u00e8re personnel. Par cons\u00e9quent, la politique de confidentialit\u00e9 susmentionn\u00e9e leur est applicable. \u00c0 cet \u00e9gard, l'utilisation de cookies requiert le consentement de l'utilisateur. Ce consentement sera communiqu\u00e9, sur la base d'un v\u00e9ritable choix, offert par le biais d'une d\u00e9cision affirmative et positive, avant le traitement initial, amovible et document\u00e9.<\/p>\n\n<h4>Ses propres biscuits<\/h4>\n\n<p>Il s'agit de cookies envoy\u00e9s \u00e0 l'ordinateur ou au dispositif de l'Utilisateur et g\u00e9r\u00e9s exclusivement par le Restaurant pour le meilleur fonctionnement du Site Internet. Les informations collect\u00e9es sont utilis\u00e9es pour am\u00e9liorer la qualit\u00e9 du site Internet et de son contenu ainsi que votre exp\u00e9rience en tant qu'utilisateur. Ces cookies permettent de reconna\u00eetre l'Utilisateur en tant que visiteur r\u00e9current du Site Internet et d'adapter le contenu pour lui proposer un contenu en ad\u00e9quation avec ses pr\u00e9f\u00e9rences.<\/p>\n\n<h4>D\u00e9sactivation, rejet et suppression des cookies<\/h4>\n\n<p>L'utilisateur peut d\u00e9sactiver, refuser et supprimer les cookies - en tout ou en partie - install\u00e9s sur son appareil en configurant son navigateur (notamment Chrome, Firefox, Safari, Explorer). A cet \u00e9gard, les proc\u00e9dures de refus et de suppression des cookies peuvent diff\u00e9rer d'un navigateur Internet \u00e0 l'autre. Par cons\u00e9quent, l'Utilisateur doit suivre les instructions fournies par le navigateur Internet qu'il utilise. Dans le cas o\u00f9 vous refusez l'utilisation de cookies - totalement ou partiellement - vous pouvez continuer \u00e0 utiliser le site Web, bien que l'utilisation de certaines de ses fonctionnalit\u00e9s puisse \u00eatre limit\u00e9e.<\/p>\n\t\t\t\t\t\t\t\t<\/div>\n\t\t\t\t<\/div>\n\t\t\t\t\t<\/div>\n\t\t\t\t<\/div>\n\t\t\t\t<\/div>","protected":false},"excerpt":{"rendered":"<p>POL&Iacute;TICA DE COOKIES https:\/\/crepes-du-monde.com El acceso a este Sitio Web puede implicar la utilizaci&oacute;n de cookies. Las cookies son peque&ntilde;as cantidades de informaci&oacute;n que se almacenan en el navegador utilizado por cada Usuario &mdash;en los distintos dispositivos que pueda utilizar para navegar&mdash; para que el servidor recuerde cierta informaci&oacute;n que posteriormente y &uacute;nicamente el servidor [&hellip;]<\/p>\n","protected":false},"author":2,"featured_media":0,"parent":0,"menu_order":9,"comment_status":"closed","ping_status":"closed","template":"","meta":{"slim_seo":{"noindex":"1","title":"Pol\u00edtica de Cookies - Cr\u00eapes Du Monde - Restaurant","description":"POLITIQUE EN MATI\u00c8RE DE COOKIES https:\/\/crepes-du-monde.com L'acc\u00e8s \u00e0 ce site Web peut impliquer l'utilisation de cookies. Les cookies sont de petits fichiers"},"footnotes":""},"class_list":["post-43","page","type-page","status-publish","hentry"],"_links":{"self":[{"href":"https:\/\/crepes-du-monde.com\/fr\/wp-json\/wp\/v2\/pages\/43","targetHints":{"allow":["GET"]}}],"collection":[{"href":"https:\/\/crepes-du-monde.com\/fr\/wp-json\/wp\/v2\/pages"}],"about":[{"href":"https:\/\/crepes-du-monde.com\/fr\/wp-json\/wp\/v2\/types\/page"}],"author":[{"embeddable":true,"href":"https:\/\/crepes-du-monde.com\/fr\/wp-json\/wp\/v2\/users\/2"}],"replies":[{"embeddable":true,"href":"https:\/\/crepes-du-monde.com\/fr\/wp-json\/wp\/v2\/comments?post=43"}],"version-history":[{"count":0,"href":"https:\/\/crepes-du-monde.com\/fr\/wp-json\/wp\/v2\/pages\/43\/revisions"}],"wp:attachment":[{"href":"https:\/\/crepes-du-monde.com\/fr\/wp-json\/wp\/v2\/media?parent=43"}],"curies":[{"name":"wp","href":"https:\/\/api.w.org\/{rel}","templated":true}]}}