{"id":9011,"date":"2026-04-11T15:15:21","date_gmt":"2026-04-11T13:15:21","guid":{"rendered":"https:\/\/crepes-du-monde.com\/?page_id=9011"},"modified":"2026-04-11T19:53:37","modified_gmt":"2026-04-11T17:53:37","slug":"reserver-une-table","status":"publish","type":"page","link":"https:\/\/crepes-du-monde.com\/fr\/reserver-une-table\/","title":{"rendered":"R\u00e9server une table"},"content":{"rendered":"<div data-elementor-type=\"wp-page\" data-elementor-id=\"9011\" class=\"elementor elementor-9011\" data-elementor-post-type=\"page\">\n\t\t\t\t<div class=\"elementor-element elementor-element-644cdc1 e-flex e-con-boxed e-con e-parent\" data-id=\"644cdc1\" data-element_type=\"container\" data-e-type=\"container\">\n\t\t\t\t\t<div class=\"e-con-inner\">\n\t\t\t\t<div class=\"elementor-element elementor-element-200e010 elementor-widget elementor-widget-theme-site-logo elementor-widget-image\" data-id=\"200e010\" data-element_type=\"widget\" data-e-type=\"widget\" data-widget_type=\"theme-site-logo.default\">\n\t\t\t\t<div class=\"elementor-widget-container\">\n\t\t\t\t\t\t\t\t\t\t\t<a href=\"https:\/\/crepes-du-monde.com\/fr\">\n\t\t\t<img decoding=\"async\" width=\"100\" height=\"100\" src=\"https:\/\/crepes-du-monde.com\/wp-content\/uploads\/Crepes-Du-Monde-Logo-White-TB-1.svg\" class=\"attachment-full size-full wp-image-8828\" alt=\"Logo des cr\u00eapes du monde blanc tb.svg\" \/>\t\t\t\t<\/a>\n\t\t\t\t\t\t\t\t\t\t\t<\/div>\n\t\t\t\t<\/div>\n\t\t\t\t<div class=\"elementor-element elementor-element-1920b65 elementor-widget elementor-widget-heading\" data-id=\"1920b65\" data-element_type=\"widget\" data-e-type=\"widget\" data-widget_type=\"heading.default\">\n\t\t\t\t<div class=\"elementor-widget-container\">\n\t\t\t\t\t<h2 class=\"elementor-heading-title elementor-size-default\">R\u00e9servez votre table<\/h2>\t\t\t\t<\/div>\n\t\t\t\t<\/div>\n\t\t\t\t<div class=\"elementor-element elementor-element-70c761d elementor-nav-menu--dropdown-none elementor-widget elementor-widget-nav-menu\" data-id=\"70c761d\" data-element_type=\"widget\" data-e-type=\"widget\" data-settings=\"{&quot;layout&quot;:&quot;horizontal&quot;,&quot;submenu_icon&quot;:{&quot;value&quot;:&quot;&lt;i class=\\&quot;fas fa-caret-down\\&quot; aria-hidden=\\&quot;true\\&quot;&gt;&lt;\\\/i&gt;&quot;,&quot;library&quot;:&quot;fa-solid&quot;}}\" data-widget_type=\"nav-menu.default\">\n\t\t\t\t<div class=\"elementor-widget-container\">\n\t\t\t\t\t\t\t\t<nav aria-label=\"Menu\" class=\"elementor-nav-menu--main elementor-nav-menu__container elementor-nav-menu--layout-horizontal e--pointer-none\">\n\t\t\t\t<ul id=\"menu-1-70c761d\" class=\"elementor-nav-menu\"><li class=\"trp-language-switcher-container trp-menu-ls-item trp-menu-ls-desktop menu-item menu-item-type-post_type menu-item-object-language_switcher current-language-menu-item menu-item-8902\"><a href=\"https:\/\/crepes-du-monde.com\/fr\/wp-json\/wp\/v2\/pages\/9011\" class=\"elementor-item elementor-item-anchor\"><span class=\"trp-menu-ls-label\" data-no-translation title=\"\"><img loading=\"lazy\" src=\"https:\/\/crepes-du-monde.com\/wp-content\/plugins\/translatepress-multilingual\/assets\/flags\/1x1\/ca.svg\" class=\"trp-flag-image trp-flag-rounded\" alt=\"Change language to Catal\u00e0\" decoding=\"async\" width=\"18\" height=\"14\" \/><\/span><\/a><\/li>\n<li class=\"trp-language-switcher-container trp-menu-ls-item trp-menu-ls-desktop current-language-menu-item menu-item menu-item-type-post_type menu-item-object-language_switcher menu-item-1827\"><a href=\"https:\/\/crepes-du-monde.com\/fr\/wp-json\/wp\/v2\/pages\/9011\" class=\"elementor-item elementor-item-anchor\"><span class=\"trp-menu-ls-label\" data-no-translation title=\"\"><img loading=\"lazy\" src=\"https:\/\/crepes-du-monde.com\/wp-content\/plugins\/translatepress-multilingual\/assets\/flags\/1x1\/es_ES.svg\" class=\"trp-flag-image trp-flag-rounded\" alt=\"Change language to Espa\u00f1ol\" decoding=\"async\" width=\"18\" height=\"14\" \/><\/span><\/a><\/li>\n<li class=\"trp-language-switcher-container trp-menu-ls-item trp-menu-ls-desktop current-language-menu-item menu-item menu-item-type-post_type menu-item-object-language_switcher menu-item-8901\"><a href=\"https:\/\/crepes-du-monde.com\/fr\/wp-json\/wp\/v2\/pages\/9011\" class=\"elementor-item elementor-item-anchor\"><span class=\"trp-menu-ls-label\" data-no-translation title=\"\"><img loading=\"lazy\" src=\"https:\/\/crepes-du-monde.com\/wp-content\/plugins\/translatepress-multilingual\/assets\/flags\/1x1\/fr_FR.svg\" class=\"trp-flag-image trp-flag-rounded\" alt=\"\" role=\"presentation\" decoding=\"async\" width=\"18\" height=\"14\" \/><\/span><\/a><\/li>\n<li class=\"trp-language-switcher-container trp-menu-ls-item trp-menu-ls-desktop menu-item menu-item-type-post_type menu-item-object-language_switcher current-language-menu-item menu-item-8900\"><a href=\"https:\/\/crepes-du-monde.com\/fr\/wp-json\/wp\/v2\/pages\/9011\" class=\"elementor-item elementor-item-anchor\"><span class=\"trp-menu-ls-label\" data-no-translation title=\"\"><img loading=\"lazy\" src=\"https:\/\/crepes-du-monde.com\/wp-content\/plugins\/translatepress-multilingual\/assets\/flags\/1x1\/en_GB.svg\" class=\"trp-flag-image trp-flag-rounded\" alt=\"Change language to English (UK)\" decoding=\"async\" width=\"18\" height=\"14\" \/><\/span><\/a><\/li>\n<li class=\"trp-language-switcher-container trp-menu-ls-item trp-menu-ls-desktop menu-item menu-item-type-post_type menu-item-object-language_switcher current-language-menu-item menu-item-8899\"><a href=\"https:\/\/crepes-du-monde.com\/fr\/wp-json\/wp\/v2\/pages\/9011\" class=\"elementor-item elementor-item-anchor\"><span class=\"trp-menu-ls-label\" data-no-translation title=\"\"><img loading=\"lazy\" src=\"https:\/\/crepes-du-monde.com\/wp-content\/plugins\/translatepress-multilingual\/assets\/flags\/1x1\/de_DE.svg\" class=\"trp-flag-image trp-flag-rounded\" alt=\"Change language to Deutsch\" decoding=\"async\" width=\"18\" height=\"14\" \/><\/span><\/a><\/li>\n<\/ul>\t\t\t<\/nav>\n\t\t\t\t\t\t<nav class=\"elementor-nav-menu--dropdown elementor-nav-menu__container\" aria-hidden=\"true\">\n\t\t\t\t<ul id=\"menu-2-70c761d\" class=\"elementor-nav-menu\"><li class=\"trp-language-switcher-container trp-menu-ls-item trp-menu-ls-desktop menu-item menu-item-type-post_type menu-item-object-language_switcher current-language-menu-item menu-item-8902\"><a href=\"https:\/\/crepes-du-monde.com\/fr\/wp-json\/wp\/v2\/pages\/9011\" class=\"elementor-item elementor-item-anchor\" tabindex=\"-1\"><span class=\"trp-menu-ls-label\" data-no-translation title=\"\"><img loading=\"lazy\" src=\"https:\/\/crepes-du-monde.com\/wp-content\/plugins\/translatepress-multilingual\/assets\/flags\/1x1\/ca.svg\" class=\"trp-flag-image trp-flag-rounded\" alt=\"Change language to Catal\u00e0\" decoding=\"async\" width=\"18\" height=\"14\" \/><\/span><\/a><\/li>\n<li class=\"trp-language-switcher-container trp-menu-ls-item trp-menu-ls-desktop current-language-menu-item menu-item menu-item-type-post_type menu-item-object-language_switcher menu-item-1827\"><a href=\"https:\/\/crepes-du-monde.com\/fr\/wp-json\/wp\/v2\/pages\/9011\" class=\"elementor-item elementor-item-anchor\" tabindex=\"-1\"><span class=\"trp-menu-ls-label\" data-no-translation title=\"\"><img loading=\"lazy\" src=\"https:\/\/crepes-du-monde.com\/wp-content\/plugins\/translatepress-multilingual\/assets\/flags\/1x1\/es_ES.svg\" class=\"trp-flag-image trp-flag-rounded\" alt=\"Change language to Espa\u00f1ol\" decoding=\"async\" width=\"18\" height=\"14\" \/><\/span><\/a><\/li>\n<li class=\"trp-language-switcher-container trp-menu-ls-item trp-menu-ls-desktop current-language-menu-item menu-item menu-item-type-post_type menu-item-object-language_switcher menu-item-8901\"><a href=\"https:\/\/crepes-du-monde.com\/fr\/wp-json\/wp\/v2\/pages\/9011\" class=\"elementor-item elementor-item-anchor\" tabindex=\"-1\"><span class=\"trp-menu-ls-label\" data-no-translation title=\"\"><img loading=\"lazy\" src=\"https:\/\/crepes-du-monde.com\/wp-content\/plugins\/translatepress-multilingual\/assets\/flags\/1x1\/fr_FR.svg\" class=\"trp-flag-image trp-flag-rounded\" alt=\"\" role=\"presentation\" decoding=\"async\" width=\"18\" height=\"14\" \/><\/span><\/a><\/li>\n<li class=\"trp-language-switcher-container trp-menu-ls-item trp-menu-ls-desktop menu-item menu-item-type-post_type menu-item-object-language_switcher current-language-menu-item menu-item-8900\"><a href=\"https:\/\/crepes-du-monde.com\/fr\/wp-json\/wp\/v2\/pages\/9011\" class=\"elementor-item elementor-item-anchor\" tabindex=\"-1\"><span class=\"trp-menu-ls-label\" data-no-translation title=\"\"><img loading=\"lazy\" src=\"https:\/\/crepes-du-monde.com\/wp-content\/plugins\/translatepress-multilingual\/assets\/flags\/1x1\/en_GB.svg\" class=\"trp-flag-image trp-flag-rounded\" alt=\"Change language to English (UK)\" decoding=\"async\" width=\"18\" height=\"14\" \/><\/span><\/a><\/li>\n<li class=\"trp-language-switcher-container trp-menu-ls-item trp-menu-ls-desktop menu-item menu-item-type-post_type menu-item-object-language_switcher current-language-menu-item menu-item-8899\"><a href=\"https:\/\/crepes-du-monde.com\/fr\/wp-json\/wp\/v2\/pages\/9011\" class=\"elementor-item elementor-item-anchor\" tabindex=\"-1\"><span class=\"trp-menu-ls-label\" data-no-translation title=\"\"><img loading=\"lazy\" src=\"https:\/\/crepes-du-monde.com\/wp-content\/plugins\/translatepress-multilingual\/assets\/flags\/1x1\/de_DE.svg\" class=\"trp-flag-image trp-flag-rounded\" alt=\"Change language to Deutsch\" decoding=\"async\" width=\"18\" height=\"14\" \/><\/span><\/a><\/li>\n<\/ul>\t\t\t<\/nav>\n\t\t\t\t\t\t<\/div>\n\t\t\t\t<\/div>\n\t\t\t\t<div class=\"elementor-element elementor-element-1a9a8032 elementor-widget elementor-widget-shortcode\" data-id=\"1a9a8032\" data-element_type=\"widget\" data-e-type=\"widget\" data-widget_type=\"shortcode.default\">\n\t\t\t\t<div class=\"elementor-widget-container\">\n\t\t\t\t\t\t\t<div class=\"elementor-shortcode\">\t\t<div class=\"trm-reservation-form-wrap\">\n\t\t\t<form id=\"trm-reservation-form\" class=\"trm-form\" action=\"\">\n\t\t\t\t<div class=\"trm-form-group\">\n\t\t\t\t\t<input type=\"text\" id=\"trm-name\" name=\"name\" placeholder=\"Nom *\" required>\n\t\t\t\t<\/div>\n\n\t\t\t\t<div class=\"trm-form-row\">\n\t\t\t\t\t<div class=\"trm-form-group\">\n\t\t\t\t\t\t<input type=\"tel\" id=\"trm-phone\" name=\"phone\" placeholder=\"T\u00e9l\u00e9phone *\" required>\n\t\t\t\t\t<\/div>\n\t\t\t\t\t<div class=\"trm-form-group\">\n\t\t\t\t\t\t<input type=\"email\" id=\"trm-email\" name=\"email\" placeholder=\"E-mail *\" required>\n\t\t\t\t\t<\/div>\n\t\t\t\t<\/div>\n\n\t\t\t\t<div class=\"trm-form-group\" id=\"trm-guests-group\" >\n\t\t\t\t\t<select id=\"trm-guests\" name=\"guests\" required>\n\t\t\t\t\t\t<option value=\"\" disabled selected>Convives *<\/option>\n\t\t\t\t\t\t\t\t\t\t\t\t\t<option value=\"1\">1<\/option>\n\t\t\t\t\t\t\t\t\t\t\t\t\t<option value=\"2\">2<\/option>\n\t\t\t\t\t\t\t\t\t\t\t\t\t<option value=\"3\">3<\/option>\n\t\t\t\t\t\t\t\t\t\t\t\t\t<option value=\"4\">4<\/option>\n\t\t\t\t\t\t\t\t\t\t\t\t\t<option value=\"5\">5<\/option>\n\t\t\t\t\t\t\t\t\t\t\t\t\t<option value=\"6\">6<\/option>\n\t\t\t\t\t\t\t\t\t\t\t<\/select>\n\t\t\t\t<\/div>\n\n\t\t\t\t\n\t\t\t\t<div class=\"trm-form-row\">\n\t\t\t\t\t<div class=\"trm-form-group\">\n\t\t\t\t\t\t<div style=\"position:relative;\">\n\t\t\t\t\t\t\t<input type=\"text\" id=\"trm-date\" name=\"date\" placeholder=\"Date *\" required readonly style=\"cursor:pointer;\">\n\t\t\t\t\t\t\t<div id=\"trm-calendar-dropdown\" style=\"display:none;position:absolute;top:100%;left:0;background:#fff;box-shadow:0 4px 12px rgba(0,0,0,0.15);border-radius:4px;margin-top:4px;z-index:1000;\"><\/div>\n\t\t\t\t\t\t<\/div>\n\t\t\t\t\t<\/div>\n\t\t\t\t\t<div class=\"trm-form-group\">\n\t\t\t\t\t\t<select id=\"trm-time\" name=\"time\" required disabled>\n\t\t\t\t\t\t\t<option value=\"\">Heure *<\/option>\n\t\t\t\t\t\t<\/select>\n\t\t\t\t\t<\/div>\n\t\t\t\t<\/div>\n\n\t\t\t\t<div id=\"trm-zone-alert\" style=\"display:none;padding:12px;margin-bottom:16px;background:#fee;border-left:4px solid #dc2626;color:#991b1b;font-size:14px;line-height:1.5;\"><\/div>\n\n\t\t\t\t\t\t\t\t<div class=\"trm-form-group\">\n\t\t\t\t\t<select id=\"trm-zone\" name=\"zone_preference\">\n\t\t\t\t\t\t<option value=\"\">Pr\u00e9f\u00e9rence de zone<\/option>\n\t\t\t\t\t\t\t\t\t\t\t\t\t<option value=\"Exterior\">A l'ext\u00e9rieur<\/option>\n\t\t\t\t\t\t\t\t\t\t\t\t\t<option value=\"Interior\">A l'int\u00e9rieur<\/option>\n\t\t\t\t\t\t\t\t\t\t\t<\/select>\n\t\t\t\t<\/div>\n\t\t\t\t\n\t\t\t\t<div class=\"trm-form-group\">\n\t\t\t\t\t<textarea id=\"trm-message\" name=\"message\" rows=\"3\" placeholder=\"Message\"><\/textarea>\n\t\t\t\t<\/div>\n\n\t\t\t\t<div class=\"trm-form-actions\">\n\t\t\t\t\t<button type=\"submit\" class=\"trm-btn trm-btn-primary\">\n\t\t\t\t\t\tEnvoyer la r\u00e9servation\t\t\t\t\t<\/button>\n\t\t\t\t<\/div>\n\n\t\t\t\t<div id=\"trm-form-message\" class=\"trm-form-message\" style=\"display:none;\"><\/div>\n\t\t\t<input type=\"hidden\" name=\"trp-form-language\" value=\"fr\"\/><\/form>\n\t\t<\/div>\n\t\t<div id=\"trm-limit-modal\" class=\"trm-modal\" style=\"display:none;\">\n\t\t\t<div class=\"trm-modal-overlay\"><\/div>\n\t\t\t<div class=\"trm-modal-content\">\n\t\t\t\t<p id=\"trm-limit-message\"><\/p>\n\t\t\t\t<button type=\"button\" class=\"trm-btn trm-btn-primary\">OK<\/button>\n\t\t\t<\/div>\n\t\t<\/div>\n\t\t<\/div>\n\t\t\t\t\t\t<\/div>\n\t\t\t\t<\/div>\n\t\t\t\t\t<\/div>\n\t\t\t\t<\/div>\n\t\t\t\t<\/div>","protected":false},"excerpt":{"rendered":"<p>R\u00e9servez votre table<\/p>","protected":false},"author":2,"featured_media":0,"parent":0,"menu_order":0,"comment_status":"closed","ping_status":"closed","template":"elementor_canvas","meta":{"slim_seo":{"title":"Reservar una mesa - Cr\u00eapes Du Monde - Restaurant","description":"R\u00e9servez votre table Convives * 1 2 3 4 5 6 Heure * Pr\u00e9f\u00e9rence de zone Exterior Interior Envoyer la r\u00e9servation OK"},"footnotes":""},"class_list":["post-9011","page","type-page","status-publish","hentry"],"_links":{"self":[{"href":"https:\/\/crepes-du-monde.com\/fr\/wp-json\/wp\/v2\/pages\/9011","targetHints":{"allow":["GET"]}}],"collection":[{"href":"https:\/\/crepes-du-monde.com\/fr\/wp-json\/wp\/v2\/pages"}],"about":[{"href":"https:\/\/crepes-du-monde.com\/fr\/wp-json\/wp\/v2\/types\/page"}],"author":[{"embeddable":true,"href":"https:\/\/crepes-du-monde.com\/fr\/wp-json\/wp\/v2\/users\/2"}],"replies":[{"embeddable":true,"href":"https:\/\/crepes-du-monde.com\/fr\/wp-json\/wp\/v2\/comments?post=9011"}],"version-history":[{"count":10,"href":"https:\/\/crepes-du-monde.com\/fr\/wp-json\/wp\/v2\/pages\/9011\/revisions"}],"predecessor-version":[{"id":9042,"href":"https:\/\/crepes-du-monde.com\/fr\/wp-json\/wp\/v2\/pages\/9011\/revisions\/9042"}],"wp:attachment":[{"href":"https:\/\/crepes-du-monde.com\/fr\/wp-json\/wp\/v2\/media?parent=9011"}],"curies":[{"name":"wp","href":"https:\/\/api.w.org\/{rel}","templated":true}]}}